{"id":2552,"date":"2024-04-16T20:59:51","date_gmt":"2024-04-16T20:59:51","guid":{"rendered":"https:\/\/tb-place.com\/hotel\/"},"modified":"2024-10-29T09:37:15","modified_gmt":"2024-10-29T09:37:15","slug":"hoteles","status":"publish","type":"page","link":"https:\/\/tb-place.com\/es\/hoteles\/","title":{"rendered":"Hotel"},"content":{"rendered":"\t\t<div data-elementor-type=\"wp-page\" data-elementor-id=\"2552\" class=\"elementor elementor-2552 elementor-1151\" data-elementor-post-type=\"page\">\n\t\t\t\t\t\t<section class=\"elementor-section elementor-top-section elementor-element elementor-element-c006672 elementor-section-full_width elementor-section-height-min-height elementor-section-height-default elementor-section-items-middle\" data-id=\"c006672\" data-element_type=\"section\" data-settings=\"{&quot;background_background&quot;:&quot;classic&quot;}\">\n\t\t\t\t\t\t\t<div class=\"elementor-background-overlay\"><\/div>\n\t\t\t\t\t\t\t<div class=\"elementor-container elementor-column-gap-default\">\n\t\t\t\t\t<div class=\"elementor-column elementor-col-100 elementor-top-column elementor-element elementor-element-2728f7e\" data-id=\"2728f7e\" data-element_type=\"column\">\n\t\t\t<div class=\"elementor-widget-wrap elementor-element-populated\">\n\t\t\t\t\t\t<div class=\"elementor-element elementor-element-811e52a elementor-widget elementor-widget-spacer\" data-id=\"811e52a\" data-element_type=\"widget\" data-widget_type=\"spacer.default\">\n\t\t\t\t<div class=\"elementor-widget-container\">\n\t\t\t\t\t\t\t<div class=\"elementor-spacer\">\n\t\t\t<div class=\"elementor-spacer-inner\"><\/div>\n\t\t<\/div>\n\t\t\t\t\t\t<\/div>\n\t\t\t\t<\/div>\n\t\t\t\t\t<\/div>\n\t\t<\/div>\n\t\t\t\t\t<\/div>\n\t\t<\/section>\n\t\t\t\t<section class=\"elementor-section elementor-top-section elementor-element elementor-element-314341e elementor-section-content-middle elementor-section-boxed elementor-section-height-default elementor-section-height-default\" data-id=\"314341e\" data-element_type=\"section\">\n\t\t\t\t\t\t<div class=\"elementor-container elementor-column-gap-default\">\n\t\t\t\t\t<div class=\"elementor-column elementor-col-66 elementor-top-column elementor-element elementor-element-fc1856a\" data-id=\"fc1856a\" data-element_type=\"column\">\n\t\t\t<div class=\"elementor-widget-wrap elementor-element-populated\">\n\t\t\t\t\t\t<div class=\"elementor-element elementor-element-a9560d5 elementor-widget elementor-widget-image\" data-id=\"a9560d5\" data-element_type=\"widget\" data-widget_type=\"image.default\">\n\t\t\t\t<div class=\"elementor-widget-container\">\n\t\t\t\t\t\t\t\t\t\t\t\t\t\t\t<img fetchpriority=\"high\" decoding=\"async\" width=\"1200\" height=\"800\" src=\"https:\/\/i0.wp.com\/tb-place.com\/wp-content\/uploads\/2024\/04\/D-28722.jpg?fit=1200%2C800&amp;ssl=1\" class=\"attachment-full size-full wp-image-2605\" alt=\"\" srcset=\"https:\/\/i0.wp.com\/tb-place.com\/wp-content\/uploads\/2024\/04\/D-28722.jpg?w=1200&amp;ssl=1 1200w, https:\/\/i0.wp.com\/tb-place.com\/wp-content\/uploads\/2024\/04\/D-28722.jpg?resize=300%2C200&amp;ssl=1 300w, https:\/\/i0.wp.com\/tb-place.com\/wp-content\/uploads\/2024\/04\/D-28722.jpg?resize=1024%2C683&amp;ssl=1 1024w, https:\/\/i0.wp.com\/tb-place.com\/wp-content\/uploads\/2024\/04\/D-28722.jpg?resize=768%2C512&amp;ssl=1 768w, https:\/\/i0.wp.com\/tb-place.com\/wp-content\/uploads\/2024\/04\/D-28722.jpg?resize=120%2C80&amp;ssl=1 120w, https:\/\/i0.wp.com\/tb-place.com\/wp-content\/uploads\/2024\/04\/D-28722.jpg?resize=394%2C263&amp;ssl=1 394w, https:\/\/i0.wp.com\/tb-place.com\/wp-content\/uploads\/2024\/04\/D-28722.jpg?resize=915%2C610&amp;ssl=1 915w, https:\/\/i0.wp.com\/tb-place.com\/wp-content\/uploads\/2024\/04\/D-28722.jpg?resize=60%2C40&amp;ssl=1 60w\" sizes=\"(max-width: 1140px) 100vw, 1140px\" \/>\t\t\t\t\t\t\t\t\t\t\t\t\t\t\t<\/div>\n\t\t\t\t<\/div>\n\t\t\t\t<div class=\"elementor-element elementor-element-c61b100 elementor-widget elementor-widget-image\" data-id=\"c61b100\" data-element_type=\"widget\" data-widget_type=\"image.default\">\n\t\t\t\t<div class=\"elementor-widget-container\">\n\t\t\t\t\t\t\t\t\t\t\t\t\t\t\t<img decoding=\"async\" width=\"950\" height=\"633\" src=\"https:\/\/i0.wp.com\/tb-place.com\/wp-content\/uploads\/2024\/04\/RoofTop-5.jpg?fit=950%2C633&amp;ssl=1\" class=\"attachment-full size-full wp-image-2553\" alt=\"\" srcset=\"https:\/\/i0.wp.com\/tb-place.com\/wp-content\/uploads\/2024\/04\/RoofTop-5.jpg?w=950&amp;ssl=1 950w, https:\/\/i0.wp.com\/tb-place.com\/wp-content\/uploads\/2024\/04\/RoofTop-5.jpg?resize=300%2C200&amp;ssl=1 300w, https:\/\/i0.wp.com\/tb-place.com\/wp-content\/uploads\/2024\/04\/RoofTop-5.jpg?resize=768%2C512&amp;ssl=1 768w, https:\/\/i0.wp.com\/tb-place.com\/wp-content\/uploads\/2024\/04\/RoofTop-5.jpg?resize=120%2C80&amp;ssl=1 120w, https:\/\/i0.wp.com\/tb-place.com\/wp-content\/uploads\/2024\/04\/RoofTop-5.jpg?resize=394%2C263&amp;ssl=1 394w, https:\/\/i0.wp.com\/tb-place.com\/wp-content\/uploads\/2024\/04\/RoofTop-5.jpg?resize=915%2C610&amp;ssl=1 915w, https:\/\/i0.wp.com\/tb-place.com\/wp-content\/uploads\/2024\/04\/RoofTop-5.jpg?resize=60%2C40&amp;ssl=1 60w\" sizes=\"(max-width: 950px) 100vw, 950px\" \/>\t\t\t\t\t\t\t\t\t\t\t\t\t\t\t<\/div>\n\t\t\t\t<\/div>\n\t\t\t\t\t<\/div>\n\t\t<\/div>\n\t\t\t\t<div class=\"elementor-column elementor-col-33 elementor-top-column elementor-element elementor-element-fc79783\" data-id=\"fc79783\" data-element_type=\"column\">\n\t\t\t<div class=\"elementor-widget-wrap elementor-element-populated\">\n\t\t\t\t\t\t<div class=\"elementor-element elementor-element-3dee958 elementor-view-default elementor-position-top elementor-widget elementor-widget-themo-header\" data-id=\"3dee958\" data-element_type=\"widget\" data-widget_type=\"themo-header.default\">\n\t\t\t\t<div class=\"elementor-widget-container\">\n\t\t\t\t\t\t\t<div class=\"th-header-wrap\">\n        <div class=\"elementor-icon-box-wrapper \">\n                            <div class=\"elementor-icon-box-content\">\n                    <h1 class=\"elementor-icon-box-title\">\n                        TB Place                    <\/h1>\n                                            <span class=\"th-header-divider\"><\/span>\n                                        <p class=\"elementor-icon-box-description\">TB Place es una PERLA EN EL CORAZ\u00d3N DE ROMA.<\/p>\n\n                                    <\/div>\n            <\/div>\n\n        <\/div>\n\n\t\t\t\t\t\t<\/div>\n\t\t\t\t<\/div>\n\t\t\t\t<div class=\"elementor-element elementor-element-2835043 elementor-widget elementor-widget-text-editor\" data-id=\"2835043\" data-element_type=\"widget\" data-widget_type=\"text-editor.default\">\n\t\t\t\t<div class=\"elementor-widget-container\">\n\t\t\t\t\t\t\t\t\t<p>Bienvenido a nuestro exclusivo refugio, un rinc\u00f3n de refinamiento y estilo en la ciudad de gran belleza, donde la elegancia y el lujo se encuentran para ofrecerle una estancia exclusiva e inolvidable en cada detalle.<\/p><p>TB Place es un hotel de 4 estrellas superior que nace del perfecto equilibrio entre historicidad y modernidad de un entorno \u00fanico, cada detalle est\u00e1 cuidado con la m\u00e1xima atenci\u00f3n para satisfacer tus deseos.<\/p><p>Un lugar ic\u00f3nico capaz de combinar comodidad, historia, arte, compras y vida social en el marco de la ciudad ETERNA.<br \/>El hotel toma forma dentro de un edificio hist\u00f3rico que data de mediados del siglo XVII, cuya estructura original ha sido cuidadosamente sacada a la luz. De esta obra surge una combinaci\u00f3n de autenticidad y elegancia, que nos sumerge en un mundo antiguo y delicado.<\/p><p>En TB Place ofrecemos la posibilidad de cenar en nuestra exclusiva terraza, disfrutando de una vista impresionante de la ciudad de Roma.<\/p><p>El servicio de habitaciones garantiza la comodidad de disfrutar de deliciosas comidas directamente en la intimidad de su habitaci\u00f3n.<\/p><p>Nuestro acogedor bar es el lugar ideal para saborear refinados c\u00f3cteles y comenzar el d\u00eda con un delicioso y abundante desayuno.<\/p><p>El WiFi gratuito en todo el hotel garantiza una conexi\u00f3n total durante tu estancia.<\/p><p>D\u00e9jate encantar por las sorpresas de un lugar atemporal, \u00edntimo, acogedor e inolvidable.<\/p><p>El escenario perfecto para una hermosa historia: LA TUYA.<\/p>\t\t\t\t\t\t\t\t<\/div>\n\t\t\t\t<\/div>\n\t\t\t\t\t<\/div>\n\t\t<\/div>\n\t\t\t\t\t<\/div>\n\t\t<\/section>\n\t\t<div class=\"elementor-element elementor-element-8e61d0c e-con-full e-flex e-con e-parent\" data-id=\"8e61d0c\" data-element_type=\"container\">\n\t\t\t\t<div class=\"elementor-element elementor-element-36f88a4 elementor-widget elementor-widget-themo-image-gallery\" data-id=\"36f88a4\" data-element_type=\"widget\" data-widget_type=\"themo-image-gallery.default\">\n\t\t\t\t<div class=\"elementor-widget-container\">\n\t\t\t\t\t\t\t<div class=\"elementor-image-gallery \">\n\t\t\t<div class=\"gallery gallery-2552-1\"><div class=\"row gallery-row\"><div class=\"col-sm-3 col-lg-3\"><a data-toggle=\"lightbox\" data-gallery=\"multiimages\" data-title=\"\"  class=\"thumbnail img-thumbnail\" href='https:\/\/i0.wp.com\/tb-place.com\/wp-content\/uploads\/2024\/04\/location1.jpg?fit=950%2C633&ssl=1'><img decoding=\"async\" width=\"950\" height=\"633\" src=\"https:\/\/i0.wp.com\/tb-place.com\/wp-content\/uploads\/2024\/04\/location1.jpg?fit=950%2C633&amp;ssl=1\" class=\"attachment-full size-full\" alt=\"\" srcset=\"https:\/\/i0.wp.com\/tb-place.com\/wp-content\/uploads\/2024\/04\/location1.jpg?w=950&amp;ssl=1 950w, https:\/\/i0.wp.com\/tb-place.com\/wp-content\/uploads\/2024\/04\/location1.jpg?resize=300%2C200&amp;ssl=1 300w, https:\/\/i0.wp.com\/tb-place.com\/wp-content\/uploads\/2024\/04\/location1.jpg?resize=768%2C512&amp;ssl=1 768w, https:\/\/i0.wp.com\/tb-place.com\/wp-content\/uploads\/2024\/04\/location1.jpg?resize=120%2C80&amp;ssl=1 120w, https:\/\/i0.wp.com\/tb-place.com\/wp-content\/uploads\/2024\/04\/location1.jpg?resize=394%2C263&amp;ssl=1 394w, https:\/\/i0.wp.com\/tb-place.com\/wp-content\/uploads\/2024\/04\/location1.jpg?resize=915%2C610&amp;ssl=1 915w, https:\/\/i0.wp.com\/tb-place.com\/wp-content\/uploads\/2024\/04\/location1.jpg?resize=60%2C40&amp;ssl=1 60w\" sizes=\"(max-width: 950px) 100vw, 950px\" \/><\/a><div class=\"gallery-text\"><div class=\"image-title\">location1<\/div><\/div><\/div><div class=\"col-sm-3 col-lg-3\"><a data-toggle=\"lightbox\" data-gallery=\"multiimages\" data-title=\"\"  class=\"thumbnail img-thumbnail\" href='https:\/\/i0.wp.com\/tb-place.com\/wp-content\/uploads\/2024\/04\/location2.jpg?fit=950%2C633&ssl=1'><img loading=\"lazy\" decoding=\"async\" width=\"950\" height=\"633\" src=\"https:\/\/i0.wp.com\/tb-place.com\/wp-content\/uploads\/2024\/04\/location2.jpg?fit=950%2C633&amp;ssl=1\" class=\"attachment-full size-full\" alt=\"\" srcset=\"https:\/\/i0.wp.com\/tb-place.com\/wp-content\/uploads\/2024\/04\/location2.jpg?w=950&amp;ssl=1 950w, https:\/\/i0.wp.com\/tb-place.com\/wp-content\/uploads\/2024\/04\/location2.jpg?resize=300%2C200&amp;ssl=1 300w, https:\/\/i0.wp.com\/tb-place.com\/wp-content\/uploads\/2024\/04\/location2.jpg?resize=768%2C512&amp;ssl=1 768w, https:\/\/i0.wp.com\/tb-place.com\/wp-content\/uploads\/2024\/04\/location2.jpg?resize=120%2C80&amp;ssl=1 120w, https:\/\/i0.wp.com\/tb-place.com\/wp-content\/uploads\/2024\/04\/location2.jpg?resize=394%2C263&amp;ssl=1 394w, https:\/\/i0.wp.com\/tb-place.com\/wp-content\/uploads\/2024\/04\/location2.jpg?resize=915%2C610&amp;ssl=1 915w, https:\/\/i0.wp.com\/tb-place.com\/wp-content\/uploads\/2024\/04\/location2.jpg?resize=60%2C40&amp;ssl=1 60w\" sizes=\"(max-width: 950px) 100vw, 950px\" \/><\/a><div class=\"gallery-text\"><div class=\"image-title\">location2<\/div><\/div><\/div><div class=\"col-sm-3 col-lg-3\"><a data-toggle=\"lightbox\" data-gallery=\"multiimages\" data-title=\"\"  class=\"thumbnail img-thumbnail\" href='https:\/\/i0.wp.com\/tb-place.com\/wp-content\/uploads\/2024\/04\/location3.jpg?fit=950%2C633&ssl=1'><img loading=\"lazy\" decoding=\"async\" width=\"950\" height=\"633\" src=\"https:\/\/i0.wp.com\/tb-place.com\/wp-content\/uploads\/2024\/04\/location3.jpg?fit=950%2C633&amp;ssl=1\" class=\"attachment-full size-full\" alt=\"\" srcset=\"https:\/\/i0.wp.com\/tb-place.com\/wp-content\/uploads\/2024\/04\/location3.jpg?w=950&amp;ssl=1 950w, https:\/\/i0.wp.com\/tb-place.com\/wp-content\/uploads\/2024\/04\/location3.jpg?resize=300%2C200&amp;ssl=1 300w, https:\/\/i0.wp.com\/tb-place.com\/wp-content\/uploads\/2024\/04\/location3.jpg?resize=768%2C512&amp;ssl=1 768w, https:\/\/i0.wp.com\/tb-place.com\/wp-content\/uploads\/2024\/04\/location3.jpg?resize=120%2C80&amp;ssl=1 120w, https:\/\/i0.wp.com\/tb-place.com\/wp-content\/uploads\/2024\/04\/location3.jpg?resize=394%2C263&amp;ssl=1 394w, https:\/\/i0.wp.com\/tb-place.com\/wp-content\/uploads\/2024\/04\/location3.jpg?resize=915%2C610&amp;ssl=1 915w, https:\/\/i0.wp.com\/tb-place.com\/wp-content\/uploads\/2024\/04\/location3.jpg?resize=60%2C40&amp;ssl=1 60w\" sizes=\"(max-width: 950px) 100vw, 950px\" \/><\/a><div class=\"gallery-text\"><div class=\"image-title\">location3<\/div><\/div><\/div><div class=\"col-sm-3 col-lg-3\"><a data-toggle=\"lightbox\" data-gallery=\"multiimages\" data-title=\"\"  class=\"thumbnail img-thumbnail\" href='https:\/\/i0.wp.com\/tb-place.com\/wp-content\/uploads\/2024\/04\/D-28685.jpg?fit=900%2C600&ssl=1'><img loading=\"lazy\" decoding=\"async\" width=\"900\" height=\"600\" src=\"https:\/\/i0.wp.com\/tb-place.com\/wp-content\/uploads\/2024\/04\/D-28685.jpg?fit=900%2C600&amp;ssl=1\" class=\"attachment-full size-full\" alt=\"\" srcset=\"https:\/\/i0.wp.com\/tb-place.com\/wp-content\/uploads\/2024\/04\/D-28685.jpg?w=900&amp;ssl=1 900w, https:\/\/i0.wp.com\/tb-place.com\/wp-content\/uploads\/2024\/04\/D-28685.jpg?resize=300%2C200&amp;ssl=1 300w, https:\/\/i0.wp.com\/tb-place.com\/wp-content\/uploads\/2024\/04\/D-28685.jpg?resize=768%2C512&amp;ssl=1 768w, https:\/\/i0.wp.com\/tb-place.com\/wp-content\/uploads\/2024\/04\/D-28685.jpg?resize=120%2C80&amp;ssl=1 120w, https:\/\/i0.wp.com\/tb-place.com\/wp-content\/uploads\/2024\/04\/D-28685.jpg?resize=394%2C263&amp;ssl=1 394w, https:\/\/i0.wp.com\/tb-place.com\/wp-content\/uploads\/2024\/04\/D-28685.jpg?resize=60%2C40&amp;ssl=1 60w\" sizes=\"(max-width: 900px) 100vw, 900px\" \/><\/a><div class=\"gallery-text\"><div class=\"image-title\">D-28685<\/div><\/div><\/div><\/div><\/div>\t\t<\/div>\n\t\t\t\t\t\t<\/div>\n\t\t\t\t<\/div>\n\t\t\t\t<\/div>\n\t\t\t\t<\/div>\n\t\t","protected":false},"excerpt":{"rendered":"<p>TB Place TB Place es una PERLA EN EL CORAZ\u00d3N DE ROMA. Bienvenido a nuestro exclusivo refugio, un rinc\u00f3n de refinamiento y estilo en la ciudad de gran belleza, donde la elegancia y el lujo se encuentran para ofrecerle una &hellip; <a href=\"https:\/\/tb-place.com\/es\/hoteles\/\">Read More<\/a><\/p>\n","protected":false},"author":1,"featured_media":0,"parent":0,"menu_order":0,"comment_status":"closed","ping_status":"closed","template":"","meta":{"footnotes":""},"class_list":["post-2552","page","type-page","status-publish","hentry"],"yoast_head":"<!-- This site is optimized with the Yoast SEO plugin v26.6 - https:\/\/yoast.com\/wordpress\/plugins\/seo\/ -->\n<title>Hotel - TB Place a Roma<\/title>\n<meta name=\"robots\" content=\"index, follow, max-snippet:-1, max-image-preview:large, max-video-preview:-1\" \/>\n<link rel=\"canonical\" href=\"https:\/\/tb-place.com\/es\/hoteles\/\" \/>\n<meta property=\"og:locale\" content=\"es_ES\" \/>\n<meta property=\"og:type\" content=\"article\" \/>\n<meta property=\"og:title\" content=\"Hotel - TB Place a Roma\" \/>\n<meta property=\"og:description\" content=\"TB Place TB Place es una PERLA EN EL CORAZ\u00d3N DE ROMA. Bienvenido a nuestro exclusivo refugio, un rinc\u00f3n de refinamiento y estilo en la ciudad de gran belleza, donde la elegancia y el lujo se encuentran para ofrecerle una &hellip; Read More\" \/>\n<meta property=\"og:url\" content=\"https:\/\/tb-place.com\/es\/hoteles\/\" \/>\n<meta property=\"og:site_name\" content=\"TB Place a Roma\" \/>\n<meta property=\"article:modified_time\" content=\"2024-10-29T09:37:15+00:00\" \/>\n<meta property=\"og:image\" content=\"https:\/\/tb-place.com\/wp-content\/uploads\/2024\/04\/D-28722.jpg\" \/>\n<meta name=\"twitter:card\" content=\"summary_large_image\" \/>\n<meta name=\"twitter:label1\" content=\"Tiempo de lectura\" \/>\n\t<meta name=\"twitter:data1\" content=\"2 minutos\" \/>\n<script type=\"application\/ld+json\" class=\"yoast-schema-graph\">{\"@context\":\"https:\/\/schema.org\",\"@graph\":[{\"@type\":\"WebPage\",\"@id\":\"https:\/\/tb-place.com\/es\/hoteles\/\",\"url\":\"https:\/\/tb-place.com\/es\/hoteles\/\",\"name\":\"Hotel - TB Place a Roma\",\"isPartOf\":{\"@id\":\"https:\/\/tb-place.com\/es\/#website\"},\"primaryImageOfPage\":{\"@id\":\"https:\/\/tb-place.com\/es\/hoteles\/#primaryimage\"},\"image\":{\"@id\":\"https:\/\/tb-place.com\/es\/hoteles\/#primaryimage\"},\"thumbnailUrl\":\"https:\/\/tb-place.com\/wp-content\/uploads\/2024\/04\/D-28722.jpg\",\"datePublished\":\"2024-04-16T20:59:51+00:00\",\"dateModified\":\"2024-10-29T09:37:15+00:00\",\"breadcrumb\":{\"@id\":\"https:\/\/tb-place.com\/es\/hoteles\/#breadcrumb\"},\"inLanguage\":\"es\",\"potentialAction\":[{\"@type\":\"ReadAction\",\"target\":[\"https:\/\/tb-place.com\/es\/hoteles\/\"]}]},{\"@type\":\"ImageObject\",\"inLanguage\":\"es\",\"@id\":\"https:\/\/tb-place.com\/es\/hoteles\/#primaryimage\",\"url\":\"https:\/\/tb-place.com\/wp-content\/uploads\/2024\/04\/D-28722.jpg\",\"contentUrl\":\"https:\/\/tb-place.com\/wp-content\/uploads\/2024\/04\/D-28722.jpg\"},{\"@type\":\"BreadcrumbList\",\"@id\":\"https:\/\/tb-place.com\/es\/hoteles\/#breadcrumb\",\"itemListElement\":[{\"@type\":\"ListItem\",\"position\":1,\"name\":\"Home\",\"item\":\"https:\/\/tb-place.com\/es\/\"},{\"@type\":\"ListItem\",\"position\":2,\"name\":\"Hotel\"}]},{\"@type\":\"WebSite\",\"@id\":\"https:\/\/tb-place.com\/es\/#website\",\"url\":\"https:\/\/tb-place.com\/es\/\",\"name\":\"TB Place a Roma\",\"description\":\"Eleganza e Comfort nel Cuore di Roma\",\"publisher\":{\"@id\":\"https:\/\/tb-place.com\/es\/#organization\"},\"potentialAction\":[{\"@type\":\"SearchAction\",\"target\":{\"@type\":\"EntryPoint\",\"urlTemplate\":\"https:\/\/tb-place.com\/es\/?s={search_term_string}\"},\"query-input\":{\"@type\":\"PropertyValueSpecification\",\"valueRequired\":true,\"valueName\":\"search_term_string\"}}],\"inLanguage\":\"es\"},{\"@type\":\"Organization\",\"@id\":\"https:\/\/tb-place.com\/es\/#organization\",\"name\":\"TB Place a Roma\",\"url\":\"https:\/\/tb-place.com\/es\/\",\"logo\":{\"@type\":\"ImageObject\",\"inLanguage\":\"es\",\"@id\":\"https:\/\/tb-place.com\/es\/#\/schema\/logo\/image\/\",\"url\":\"https:\/\/i0.wp.com\/tb-place.com\/wp-content\/uploads\/2024\/04\/TBplace_orizzontale_RGB.png?fit=299%2C100&ssl=1\",\"contentUrl\":\"https:\/\/i0.wp.com\/tb-place.com\/wp-content\/uploads\/2024\/04\/TBplace_orizzontale_RGB.png?fit=299%2C100&ssl=1\",\"width\":299,\"height\":100,\"caption\":\"TB Place a Roma\"},\"image\":{\"@id\":\"https:\/\/tb-place.com\/es\/#\/schema\/logo\/image\/\"}}]}<\/script>\n<!-- \/ Yoast SEO plugin. -->","yoast_head_json":{"title":"Hotel - TB Place a Roma","robots":{"index":"index","follow":"follow","max-snippet":"max-snippet:-1","max-image-preview":"max-image-preview:large","max-video-preview":"max-video-preview:-1"},"canonical":"https:\/\/tb-place.com\/es\/hoteles\/","og_locale":"es_ES","og_type":"article","og_title":"Hotel - TB Place a Roma","og_description":"TB Place TB Place es una PERLA EN EL CORAZ\u00d3N DE ROMA. Bienvenido a nuestro exclusivo refugio, un rinc\u00f3n de refinamiento y estilo en la ciudad de gran belleza, donde la elegancia y el lujo se encuentran para ofrecerle una &hellip; Read More","og_url":"https:\/\/tb-place.com\/es\/hoteles\/","og_site_name":"TB Place a Roma","article_modified_time":"2024-10-29T09:37:15+00:00","og_image":[{"url":"https:\/\/tb-place.com\/wp-content\/uploads\/2024\/04\/D-28722.jpg","type":"","width":"","height":""}],"twitter_card":"summary_large_image","twitter_misc":{"Tiempo de lectura":"2 minutos"},"schema":{"@context":"https:\/\/schema.org","@graph":[{"@type":"WebPage","@id":"https:\/\/tb-place.com\/es\/hoteles\/","url":"https:\/\/tb-place.com\/es\/hoteles\/","name":"Hotel - TB Place a Roma","isPartOf":{"@id":"https:\/\/tb-place.com\/es\/#website"},"primaryImageOfPage":{"@id":"https:\/\/tb-place.com\/es\/hoteles\/#primaryimage"},"image":{"@id":"https:\/\/tb-place.com\/es\/hoteles\/#primaryimage"},"thumbnailUrl":"https:\/\/tb-place.com\/wp-content\/uploads\/2024\/04\/D-28722.jpg","datePublished":"2024-04-16T20:59:51+00:00","dateModified":"2024-10-29T09:37:15+00:00","breadcrumb":{"@id":"https:\/\/tb-place.com\/es\/hoteles\/#breadcrumb"},"inLanguage":"es","potentialAction":[{"@type":"ReadAction","target":["https:\/\/tb-place.com\/es\/hoteles\/"]}]},{"@type":"ImageObject","inLanguage":"es","@id":"https:\/\/tb-place.com\/es\/hoteles\/#primaryimage","url":"https:\/\/tb-place.com\/wp-content\/uploads\/2024\/04\/D-28722.jpg","contentUrl":"https:\/\/tb-place.com\/wp-content\/uploads\/2024\/04\/D-28722.jpg"},{"@type":"BreadcrumbList","@id":"https:\/\/tb-place.com\/es\/hoteles\/#breadcrumb","itemListElement":[{"@type":"ListItem","position":1,"name":"Home","item":"https:\/\/tb-place.com\/es\/"},{"@type":"ListItem","position":2,"name":"Hotel"}]},{"@type":"WebSite","@id":"https:\/\/tb-place.com\/es\/#website","url":"https:\/\/tb-place.com\/es\/","name":"TB Place a Roma","description":"Eleganza e Comfort nel Cuore di Roma","publisher":{"@id":"https:\/\/tb-place.com\/es\/#organization"},"potentialAction":[{"@type":"SearchAction","target":{"@type":"EntryPoint","urlTemplate":"https:\/\/tb-place.com\/es\/?s={search_term_string}"},"query-input":{"@type":"PropertyValueSpecification","valueRequired":true,"valueName":"search_term_string"}}],"inLanguage":"es"},{"@type":"Organization","@id":"https:\/\/tb-place.com\/es\/#organization","name":"TB Place a Roma","url":"https:\/\/tb-place.com\/es\/","logo":{"@type":"ImageObject","inLanguage":"es","@id":"https:\/\/tb-place.com\/es\/#\/schema\/logo\/image\/","url":"https:\/\/i0.wp.com\/tb-place.com\/wp-content\/uploads\/2024\/04\/TBplace_orizzontale_RGB.png?fit=299%2C100&ssl=1","contentUrl":"https:\/\/i0.wp.com\/tb-place.com\/wp-content\/uploads\/2024\/04\/TBplace_orizzontale_RGB.png?fit=299%2C100&ssl=1","width":299,"height":100,"caption":"TB Place a Roma"},"image":{"@id":"https:\/\/tb-place.com\/es\/#\/schema\/logo\/image\/"}}]}},"jetpack_sharing_enabled":true,"_links":{"self":[{"href":"https:\/\/tb-place.com\/es\/wp-json\/wp\/v2\/pages\/2552","targetHints":{"allow":["GET"]}}],"collection":[{"href":"https:\/\/tb-place.com\/es\/wp-json\/wp\/v2\/pages"}],"about":[{"href":"https:\/\/tb-place.com\/es\/wp-json\/wp\/v2\/types\/page"}],"author":[{"embeddable":true,"href":"https:\/\/tb-place.com\/es\/wp-json\/wp\/v2\/users\/1"}],"replies":[{"embeddable":true,"href":"https:\/\/tb-place.com\/es\/wp-json\/wp\/v2\/comments?post=2552"}],"version-history":[{"count":6,"href":"https:\/\/tb-place.com\/es\/wp-json\/wp\/v2\/pages\/2552\/revisions"}],"predecessor-version":[{"id":4100,"href":"https:\/\/tb-place.com\/es\/wp-json\/wp\/v2\/pages\/2552\/revisions\/4100"}],"wp:attachment":[{"href":"https:\/\/tb-place.com\/es\/wp-json\/wp\/v2\/media?parent=2552"}],"curies":[{"name":"wp","href":"https:\/\/api.w.org\/{rel}","templated":true}]}}