{"id":2565,"date":"2024-04-16T19:18:28","date_gmt":"2024-04-16T19:18:28","guid":{"rendered":"https:\/\/tb-place.com\/location\/"},"modified":"2024-10-01T09:33:12","modified_gmt":"2024-10-01T09:33:12","slug":"ubicacion","status":"publish","type":"page","link":"https:\/\/tb-place.com\/es\/ubicacion\/","title":{"rendered":"Ubicaci\u00f3n"},"content":{"rendered":"\t\t<div data-elementor-type=\"wp-page\" data-elementor-id=\"2565\" class=\"elementor elementor-2565 elementor-940\" data-elementor-post-type=\"page\">\n\t\t\t\t\t\t<section class=\"elementor-section elementor-top-section elementor-element elementor-element-6532922 elementor-section-full_width elementor-section-height-min-height elementor-section-height-default elementor-section-items-middle\" data-id=\"6532922\" data-element_type=\"section\" data-e-type=\"section\" data-settings=\"{&quot;background_background&quot;:&quot;classic&quot;}\">\n\t\t\t\t\t\t\t<div class=\"elementor-background-overlay\"><\/div>\n\t\t\t\t\t\t\t<div class=\"elementor-container elementor-column-gap-default\">\n\t\t\t\t\t<div class=\"elementor-column elementor-col-100 elementor-top-column elementor-element elementor-element-d14c22e\" data-id=\"d14c22e\" data-element_type=\"column\" data-e-type=\"column\">\n\t\t\t<div class=\"elementor-widget-wrap elementor-element-populated\">\n\t\t\t\t\t\t<div class=\"elementor-element elementor-element-770503e elementor-widget elementor-widget-spacer\" data-id=\"770503e\" data-element_type=\"widget\" data-e-type=\"widget\" data-widget_type=\"spacer.default\">\n\t\t\t\t<div class=\"elementor-widget-container\">\n\t\t\t\t\t\t\t<div class=\"elementor-spacer\">\n\t\t\t<div class=\"elementor-spacer-inner\"><\/div>\n\t\t<\/div>\n\t\t\t\t\t\t<\/div>\n\t\t\t\t<\/div>\n\t\t\t\t\t<\/div>\n\t\t<\/div>\n\t\t\t\t\t<\/div>\n\t\t<\/section>\n\t\t\t\t<section class=\"elementor-section elementor-top-section elementor-element elementor-element-abaa3d7 elementor-section-content-middle elementor-section-boxed elementor-section-height-default elementor-section-height-default\" data-id=\"abaa3d7\" data-element_type=\"section\" data-e-type=\"section\">\n\t\t\t\t\t\t<div class=\"elementor-container elementor-column-gap-default\">\n\t\t\t\t\t<div class=\"elementor-column elementor-col-66 elementor-top-column elementor-element elementor-element-4f3ccc7\" data-id=\"4f3ccc7\" data-element_type=\"column\" data-e-type=\"column\">\n\t\t\t<div class=\"elementor-widget-wrap elementor-element-populated\">\n\t\t\t\t\t\t<div class=\"elementor-element elementor-element-5b7b569 elementor-widget elementor-widget-image\" data-id=\"5b7b569\" data-element_type=\"widget\" data-e-type=\"widget\" data-widget_type=\"image.default\">\n\t\t\t\t<div class=\"elementor-widget-container\">\n\t\t\t\t\t\t\t\t\t\t\t\t\t\t\t<img fetchpriority=\"high\" decoding=\"async\" width=\"950\" height=\"633\" src=\"https:\/\/i0.wp.com\/tb-place.com\/wp-content\/uploads\/2024\/04\/location2.jpg?fit=950%2C633&amp;ssl=1\" class=\"attachment-full size-full wp-image-2591\" alt=\"\" srcset=\"https:\/\/i0.wp.com\/tb-place.com\/wp-content\/uploads\/2024\/04\/location2.jpg?w=950&amp;ssl=1 950w, https:\/\/i0.wp.com\/tb-place.com\/wp-content\/uploads\/2024\/04\/location2.jpg?resize=300%2C200&amp;ssl=1 300w, https:\/\/i0.wp.com\/tb-place.com\/wp-content\/uploads\/2024\/04\/location2.jpg?resize=768%2C512&amp;ssl=1 768w, https:\/\/i0.wp.com\/tb-place.com\/wp-content\/uploads\/2024\/04\/location2.jpg?resize=120%2C80&amp;ssl=1 120w, https:\/\/i0.wp.com\/tb-place.com\/wp-content\/uploads\/2024\/04\/location2.jpg?resize=394%2C263&amp;ssl=1 394w, https:\/\/i0.wp.com\/tb-place.com\/wp-content\/uploads\/2024\/04\/location2.jpg?resize=915%2C610&amp;ssl=1 915w, https:\/\/i0.wp.com\/tb-place.com\/wp-content\/uploads\/2024\/04\/location2.jpg?resize=60%2C40&amp;ssl=1 60w\" sizes=\"(max-width: 950px) 100vw, 950px\" \/>\t\t\t\t\t\t\t\t\t\t\t\t\t\t\t<\/div>\n\t\t\t\t<\/div>\n\t\t\t\t<div class=\"elementor-element elementor-element-4a8d81c elementor-widget elementor-widget-image\" data-id=\"4a8d81c\" data-element_type=\"widget\" data-e-type=\"widget\" data-widget_type=\"image.default\">\n\t\t\t\t<div class=\"elementor-widget-container\">\n\t\t\t\t\t\t\t\t\t\t\t\t\t\t\t<img decoding=\"async\" width=\"950\" height=\"633\" src=\"https:\/\/i0.wp.com\/tb-place.com\/wp-content\/uploads\/2024\/04\/location1.jpg?fit=950%2C633&amp;ssl=1\" class=\"attachment-full size-full wp-image-2590\" alt=\"\" srcset=\"https:\/\/i0.wp.com\/tb-place.com\/wp-content\/uploads\/2024\/04\/location1.jpg?w=950&amp;ssl=1 950w, https:\/\/i0.wp.com\/tb-place.com\/wp-content\/uploads\/2024\/04\/location1.jpg?resize=300%2C200&amp;ssl=1 300w, https:\/\/i0.wp.com\/tb-place.com\/wp-content\/uploads\/2024\/04\/location1.jpg?resize=768%2C512&amp;ssl=1 768w, https:\/\/i0.wp.com\/tb-place.com\/wp-content\/uploads\/2024\/04\/location1.jpg?resize=120%2C80&amp;ssl=1 120w, https:\/\/i0.wp.com\/tb-place.com\/wp-content\/uploads\/2024\/04\/location1.jpg?resize=394%2C263&amp;ssl=1 394w, https:\/\/i0.wp.com\/tb-place.com\/wp-content\/uploads\/2024\/04\/location1.jpg?resize=915%2C610&amp;ssl=1 915w, https:\/\/i0.wp.com\/tb-place.com\/wp-content\/uploads\/2024\/04\/location1.jpg?resize=60%2C40&amp;ssl=1 60w\" sizes=\"(max-width: 950px) 100vw, 950px\" \/>\t\t\t\t\t\t\t\t\t\t\t\t\t\t\t<\/div>\n\t\t\t\t<\/div>\n\t\t\t\t\t<\/div>\n\t\t<\/div>\n\t\t\t\t<div class=\"elementor-column elementor-col-33 elementor-top-column elementor-element elementor-element-7d75343\" data-id=\"7d75343\" data-element_type=\"column\" data-e-type=\"column\">\n\t\t\t<div class=\"elementor-widget-wrap elementor-element-populated\">\n\t\t\t\t\t\t<div class=\"elementor-element elementor-element-5461b43 elementor-view-default elementor-position-top elementor-widget elementor-widget-themo-header\" data-id=\"5461b43\" data-element_type=\"widget\" data-e-type=\"widget\" data-widget_type=\"themo-header.default\">\n\t\t\t\t<div class=\"elementor-widget-container\">\n\t\t\t\t\t\t\t<div class=\"th-header-wrap\">\n        <div class=\"elementor-icon-box-wrapper \">\n                            <div class=\"elementor-icon-box-content\">\n                    <h1 class=\"elementor-icon-box-title\">\n                        Ubicaci\u00f3n                    <\/h1>\n                                            <span class=\"th-header-divider\"><\/span>\n                                        <p class=\"elementor-icon-box-description\">En el coraz\u00f3n del tridente de Roma<\/p>\n\n                                    <\/div>\n            <\/div>\n\n        <\/div>\n\n\t\t\t\t\t\t<\/div>\n\t\t\t\t<\/div>\n\t\t\t\t<div class=\"elementor-element elementor-element-9f2dad4 elementor-widget elementor-widget-text-editor\" data-id=\"9f2dad4\" data-element_type=\"widget\" data-e-type=\"widget\" data-widget_type=\"text-editor.default\">\n\t\t\t\t<div class=\"elementor-widget-container\">\n\t\t\t\t\t\t\t\t\t<p>ROMA, la ciudad ETERNA, encanta y fascina con su historia milenaria y su belleza eterna.<\/p><p>TB Place est\u00e1 situado en su coraz\u00f3n palpitante, a cien metros de la emblem\u00e1tica Piazza di Spagna, justo dentro de la zona llamada \u00abel tridente\u00bb, que incluye las famosas Via di Ripetta, Via del Corso y Via del Babuino.<\/p><p>En via Mario de&#8217; Fiori, seud\u00f3nimo de Mario Nuzzi, conocido pintor barroco que influy\u00f3 mucho en la pintura de g\u00e9nero italiana y espa\u00f1ola del siglo XVII.<\/p><p>El pintor del siglo XVI vivi\u00f3 durante a\u00f1os tras su segundo matrimonio en este hist\u00f3rico palacio. Despu\u00e9s de su muerte, Roma le dedic\u00f3 Via Mario de&#8217; Fiori.<\/p><p>Alojarse en esta magn\u00edfica ubicaci\u00f3n ser\u00e1 como tener Roma a tus pies, con la posibilidad de llegar f\u00e1cilmente a todos los lugares de inter\u00e9s que ofrece la ciudad, desde los m\u00e1s emblem\u00e1ticos y conocidos hasta los menos transitados y exclusivos.<\/p><p>TB Place es el punto de partida para explorar calles, callejones y plazas que han enmarcado algunas de las pel\u00edculas m\u00e1s famosas del panorama internacional, como: La Dolce Vita, A Roma con amor, Vacaciones en Roma, \u00c1ngeles y demonios y muchas otras.<\/p><p>Adem\u00e1s del ambiente romano m\u00e1s aut\u00e9ntico y reconocible y la extraordinaria riqueza cultural, esta zona tambi\u00e9n re\u00fane las actividades comerciales m\u00e1s prestigiosas de la ciudad, lo que nos permite guiarte y acompa\u00f1arte en una de las experiencias de compras de lujo m\u00e1s exclusivas de Europa.<\/p>\t\t\t\t\t\t\t\t<\/div>\n\t\t\t\t<\/div>\n\t\t\t\t\t<\/div>\n\t\t<\/div>\n\t\t\t\t\t<\/div>\n\t\t<\/section>\n\t\t<div class=\"elementor-element elementor-element-8d43cc4 e-con-full e-flex e-con e-parent\" data-id=\"8d43cc4\" data-element_type=\"container\" data-e-type=\"container\">\n\t\t<div class=\"elementor-element elementor-element-1e6a891 e-con-full e-flex e-con e-child\" data-id=\"1e6a891\" data-element_type=\"container\" data-e-type=\"container\">\n\t\t\t\t<div class=\"elementor-element elementor-element-5a291de elementor-arrows-position-inside elementor-pagination-position-outside elementor-widget elementor-widget-image-carousel\" data-id=\"5a291de\" data-element_type=\"widget\" data-e-type=\"widget\" data-settings=\"{&quot;slides_to_show&quot;:&quot;4&quot;,&quot;navigation&quot;:&quot;both&quot;,&quot;autoplay&quot;:&quot;yes&quot;,&quot;pause_on_hover&quot;:&quot;yes&quot;,&quot;pause_on_interaction&quot;:&quot;yes&quot;,&quot;autoplay_speed&quot;:5000,&quot;infinite&quot;:&quot;yes&quot;,&quot;speed&quot;:500,&quot;image_spacing_custom&quot;:{&quot;unit&quot;:&quot;px&quot;,&quot;size&quot;:20,&quot;sizes&quot;:[]},&quot;image_spacing_custom_tablet&quot;:{&quot;unit&quot;:&quot;px&quot;,&quot;size&quot;:&quot;&quot;,&quot;sizes&quot;:[]},&quot;image_spacing_custom_mobile&quot;:{&quot;unit&quot;:&quot;px&quot;,&quot;size&quot;:&quot;&quot;,&quot;sizes&quot;:[]}}\" data-widget_type=\"image-carousel.default\">\n\t\t\t\t<div class=\"elementor-widget-container\">\n\t\t\t\t\t\t\t<div class=\"elementor-image-carousel-wrapper swiper\" role=\"region\" aria-roledescription=\"carousel\" aria-label=\"Carrusel de im\u00e1genes\" dir=\"ltr\">\n\t\t\t<div class=\"elementor-image-carousel swiper-wrapper\" aria-live=\"off\">\n\t\t\t\t\t\t\t\t<div class=\"swiper-slide\" role=\"group\" aria-roledescription=\"slide\" aria-label=\"1 de 4\"><figure class=\"swiper-slide-inner\"><img decoding=\"async\" class=\"swiper-slide-image\" src=\"https:\/\/i0.wp.com\/tb-place.com\/wp-content\/uploads\/2024\/04\/RoofTop-7.jpg?fit=950%2C633&amp;ssl=1\" alt=\"RoofTop-7\" \/><\/figure><\/div><div class=\"swiper-slide\" role=\"group\" aria-roledescription=\"slide\" aria-label=\"2 de 4\"><figure class=\"swiper-slide-inner\"><img decoding=\"async\" class=\"swiper-slide-image\" src=\"https:\/\/i0.wp.com\/tb-place.com\/wp-content\/uploads\/2024\/04\/RoofTop-3.jpg?fit=950%2C633&amp;ssl=1\" alt=\"RoofTop-3\" \/><\/figure><\/div><div class=\"swiper-slide\" role=\"group\" aria-roledescription=\"slide\" aria-label=\"3 de 4\"><figure class=\"swiper-slide-inner\"><img decoding=\"async\" class=\"swiper-slide-image\" src=\"https:\/\/i0.wp.com\/tb-place.com\/wp-content\/uploads\/2024\/04\/TB-016.jpg?fit=950%2C633&amp;ssl=1\" alt=\"TB---016\" \/><\/figure><\/div><div class=\"swiper-slide\" role=\"group\" aria-roledescription=\"slide\" aria-label=\"4 de 4\"><figure class=\"swiper-slide-inner\"><img decoding=\"async\" class=\"swiper-slide-image\" src=\"https:\/\/i0.wp.com\/tb-place.com\/wp-content\/uploads\/2024\/04\/D-28685.jpg?fit=900%2C600&amp;ssl=1\" alt=\"D-28685\" \/><\/figure><\/div>\t\t\t<\/div>\n\t\t\t\t\t\t\t\t\t\t\t\t<div class=\"elementor-swiper-button elementor-swiper-button-prev\" role=\"button\" tabindex=\"0\">\n\t\t\t\t\t\t<i aria-hidden=\"true\" class=\"eicon-chevron-left\"><\/i>\t\t\t\t\t<\/div>\n\t\t\t\t\t<div class=\"elementor-swiper-button elementor-swiper-button-next\" role=\"button\" tabindex=\"0\">\n\t\t\t\t\t\t<i aria-hidden=\"true\" class=\"eicon-chevron-right\"><\/i>\t\t\t\t\t<\/div>\n\t\t\t\t\n\t\t\t\t\t\t\t\t\t<div class=\"swiper-pagination\"><\/div>\n\t\t\t\t\t\t\t\t\t<\/div>\n\t\t\t\t\t\t<\/div>\n\t\t\t\t<\/div>\n\t\t\t\t<\/div>\n\t\t\t\t<\/div>\n\t\t<div class=\"elementor-element elementor-element-b080401 e-flex e-con-boxed e-con e-parent\" data-id=\"b080401\" data-element_type=\"container\" data-e-type=\"container\">\n\t\t\t\t\t<div class=\"e-con-inner\">\n\t\t\t\t<div class=\"elementor-element elementor-element-9078ad5 elementor-widget elementor-widget-spacer\" data-id=\"9078ad5\" data-element_type=\"widget\" data-e-type=\"widget\" data-widget_type=\"spacer.default\">\n\t\t\t\t<div class=\"elementor-widget-container\">\n\t\t\t\t\t\t\t<div class=\"elementor-spacer\">\n\t\t\t<div class=\"elementor-spacer-inner\"><\/div>\n\t\t<\/div>\n\t\t\t\t\t\t<\/div>\n\t\t\t\t<\/div>\n\t\t\t\t\t<\/div>\n\t\t\t\t<\/div>\n\t\t\t\t<\/div>\n\t\t","protected":false},"excerpt":{"rendered":"<p>Ubicaci\u00f3n En el coraz\u00f3n del tridente de Roma ROMA, la ciudad ETERNA, encanta y fascina con su historia milenaria y su belleza eterna. TB Place est\u00e1 situado en su coraz\u00f3n palpitante, a cien metros de la emblem\u00e1tica Piazza di Spagna, &hellip; <a href=\"https:\/\/tb-place.com\/es\/ubicacion\/\">Read More<\/a><\/p>\n","protected":false},"author":1,"featured_media":0,"parent":0,"menu_order":0,"comment_status":"closed","ping_status":"closed","template":"","meta":{"footnotes":""},"class_list":["post-2565","page","type-page","status-publish","hentry"],"yoast_head":"<!-- This site is optimized with the Yoast SEO plugin v27.4 - https:\/\/yoast.com\/product\/yoast-seo-wordpress\/ -->\n<title>Ubicaci\u00f3n - TB Place a Roma<\/title>\n<meta name=\"robots\" content=\"index, follow, max-snippet:-1, max-image-preview:large, max-video-preview:-1\" \/>\n<link rel=\"canonical\" href=\"https:\/\/tb-place.com\/es\/ubicacion\/\" \/>\n<meta property=\"og:locale\" content=\"es_ES\" \/>\n<meta property=\"og:type\" content=\"article\" \/>\n<meta property=\"og:title\" content=\"Ubicaci\u00f3n - TB Place a Roma\" \/>\n<meta property=\"og:description\" content=\"Ubicaci\u00f3n En el coraz\u00f3n del tridente de Roma ROMA, la ciudad ETERNA, encanta y fascina con su historia milenaria y su belleza eterna. TB Place est\u00e1 situado en su coraz\u00f3n palpitante, a cien metros de la emblem\u00e1tica Piazza di Spagna, &hellip; Read More\" \/>\n<meta property=\"og:url\" content=\"https:\/\/tb-place.com\/es\/ubicacion\/\" \/>\n<meta property=\"og:site_name\" content=\"TB Place a Roma\" \/>\n<meta property=\"article:modified_time\" content=\"2024-10-01T09:33:12+00:00\" \/>\n<meta property=\"og:image\" content=\"https:\/\/tb-place.com\/wp-content\/uploads\/2024\/04\/location2.jpg\" \/>\n<meta name=\"twitter:card\" content=\"summary_large_image\" \/>\n<meta name=\"twitter:label1\" content=\"Tiempo de lectura\" \/>\n\t<meta name=\"twitter:data1\" content=\"4 minutos\" \/>\n<script type=\"application\/ld+json\" class=\"yoast-schema-graph\">{\"@context\":\"https:\\\/\\\/schema.org\",\"@graph\":[{\"@type\":\"WebPage\",\"@id\":\"https:\\\/\\\/tb-place.com\\\/es\\\/ubicacion\\\/\",\"url\":\"https:\\\/\\\/tb-place.com\\\/es\\\/ubicacion\\\/\",\"name\":\"Ubicaci\u00f3n - TB Place a Roma\",\"isPartOf\":{\"@id\":\"https:\\\/\\\/tb-place.com\\\/es\\\/#website\"},\"primaryImageOfPage\":{\"@id\":\"https:\\\/\\\/tb-place.com\\\/es\\\/ubicacion\\\/#primaryimage\"},\"image\":{\"@id\":\"https:\\\/\\\/tb-place.com\\\/es\\\/ubicacion\\\/#primaryimage\"},\"thumbnailUrl\":\"https:\\\/\\\/tb-place.com\\\/wp-content\\\/uploads\\\/2024\\\/04\\\/location2.jpg\",\"datePublished\":\"2024-04-16T19:18:28+00:00\",\"dateModified\":\"2024-10-01T09:33:12+00:00\",\"breadcrumb\":{\"@id\":\"https:\\\/\\\/tb-place.com\\\/es\\\/ubicacion\\\/#breadcrumb\"},\"inLanguage\":\"es\",\"potentialAction\":[{\"@type\":\"ReadAction\",\"target\":[\"https:\\\/\\\/tb-place.com\\\/es\\\/ubicacion\\\/\"]}]},{\"@type\":\"ImageObject\",\"inLanguage\":\"es\",\"@id\":\"https:\\\/\\\/tb-place.com\\\/es\\\/ubicacion\\\/#primaryimage\",\"url\":\"https:\\\/\\\/tb-place.com\\\/wp-content\\\/uploads\\\/2024\\\/04\\\/location2.jpg\",\"contentUrl\":\"https:\\\/\\\/tb-place.com\\\/wp-content\\\/uploads\\\/2024\\\/04\\\/location2.jpg\"},{\"@type\":\"BreadcrumbList\",\"@id\":\"https:\\\/\\\/tb-place.com\\\/es\\\/ubicacion\\\/#breadcrumb\",\"itemListElement\":[{\"@type\":\"ListItem\",\"position\":1,\"name\":\"Home\",\"item\":\"https:\\\/\\\/tb-place.com\\\/es\\\/\"},{\"@type\":\"ListItem\",\"position\":2,\"name\":\"Ubicaci\u00f3n\"}]},{\"@type\":\"WebSite\",\"@id\":\"https:\\\/\\\/tb-place.com\\\/es\\\/#website\",\"url\":\"https:\\\/\\\/tb-place.com\\\/es\\\/\",\"name\":\"TB Place a Roma\",\"description\":\"Eleganza e Comfort nel Cuore di Roma\",\"publisher\":{\"@id\":\"https:\\\/\\\/tb-place.com\\\/es\\\/#organization\"},\"potentialAction\":[{\"@type\":\"SearchAction\",\"target\":{\"@type\":\"EntryPoint\",\"urlTemplate\":\"https:\\\/\\\/tb-place.com\\\/es\\\/?s={search_term_string}\"},\"query-input\":{\"@type\":\"PropertyValueSpecification\",\"valueRequired\":true,\"valueName\":\"search_term_string\"}}],\"inLanguage\":\"es\"},{\"@type\":\"Organization\",\"@id\":\"https:\\\/\\\/tb-place.com\\\/es\\\/#organization\",\"name\":\"TB Place a Roma\",\"url\":\"https:\\\/\\\/tb-place.com\\\/es\\\/\",\"logo\":{\"@type\":\"ImageObject\",\"inLanguage\":\"es\",\"@id\":\"https:\\\/\\\/tb-place.com\\\/es\\\/#\\\/schema\\\/logo\\\/image\\\/\",\"url\":\"https:\\\/\\\/i0.wp.com\\\/tb-place.com\\\/wp-content\\\/uploads\\\/2024\\\/04\\\/TBplace_orizzontale_RGB.png?fit=299%2C100&ssl=1\",\"contentUrl\":\"https:\\\/\\\/i0.wp.com\\\/tb-place.com\\\/wp-content\\\/uploads\\\/2024\\\/04\\\/TBplace_orizzontale_RGB.png?fit=299%2C100&ssl=1\",\"width\":299,\"height\":100,\"caption\":\"TB Place a Roma\"},\"image\":{\"@id\":\"https:\\\/\\\/tb-place.com\\\/es\\\/#\\\/schema\\\/logo\\\/image\\\/\"}}]}<\/script>\n<!-- \/ Yoast SEO plugin. -->","yoast_head_json":{"title":"Ubicaci\u00f3n - TB Place a Roma","robots":{"index":"index","follow":"follow","max-snippet":"max-snippet:-1","max-image-preview":"max-image-preview:large","max-video-preview":"max-video-preview:-1"},"canonical":"https:\/\/tb-place.com\/es\/ubicacion\/","og_locale":"es_ES","og_type":"article","og_title":"Ubicaci\u00f3n - TB Place a Roma","og_description":"Ubicaci\u00f3n En el coraz\u00f3n del tridente de Roma ROMA, la ciudad ETERNA, encanta y fascina con su historia milenaria y su belleza eterna. TB Place est\u00e1 situado en su coraz\u00f3n palpitante, a cien metros de la emblem\u00e1tica Piazza di Spagna, &hellip; Read More","og_url":"https:\/\/tb-place.com\/es\/ubicacion\/","og_site_name":"TB Place a Roma","article_modified_time":"2024-10-01T09:33:12+00:00","og_image":[{"url":"https:\/\/tb-place.com\/wp-content\/uploads\/2024\/04\/location2.jpg","type":"","width":"","height":""}],"twitter_card":"summary_large_image","twitter_misc":{"Tiempo de lectura":"4 minutos"},"schema":{"@context":"https:\/\/schema.org","@graph":[{"@type":"WebPage","@id":"https:\/\/tb-place.com\/es\/ubicacion\/","url":"https:\/\/tb-place.com\/es\/ubicacion\/","name":"Ubicaci\u00f3n - TB Place a Roma","isPartOf":{"@id":"https:\/\/tb-place.com\/es\/#website"},"primaryImageOfPage":{"@id":"https:\/\/tb-place.com\/es\/ubicacion\/#primaryimage"},"image":{"@id":"https:\/\/tb-place.com\/es\/ubicacion\/#primaryimage"},"thumbnailUrl":"https:\/\/tb-place.com\/wp-content\/uploads\/2024\/04\/location2.jpg","datePublished":"2024-04-16T19:18:28+00:00","dateModified":"2024-10-01T09:33:12+00:00","breadcrumb":{"@id":"https:\/\/tb-place.com\/es\/ubicacion\/#breadcrumb"},"inLanguage":"es","potentialAction":[{"@type":"ReadAction","target":["https:\/\/tb-place.com\/es\/ubicacion\/"]}]},{"@type":"ImageObject","inLanguage":"es","@id":"https:\/\/tb-place.com\/es\/ubicacion\/#primaryimage","url":"https:\/\/tb-place.com\/wp-content\/uploads\/2024\/04\/location2.jpg","contentUrl":"https:\/\/tb-place.com\/wp-content\/uploads\/2024\/04\/location2.jpg"},{"@type":"BreadcrumbList","@id":"https:\/\/tb-place.com\/es\/ubicacion\/#breadcrumb","itemListElement":[{"@type":"ListItem","position":1,"name":"Home","item":"https:\/\/tb-place.com\/es\/"},{"@type":"ListItem","position":2,"name":"Ubicaci\u00f3n"}]},{"@type":"WebSite","@id":"https:\/\/tb-place.com\/es\/#website","url":"https:\/\/tb-place.com\/es\/","name":"TB Place a Roma","description":"Eleganza e Comfort nel Cuore di Roma","publisher":{"@id":"https:\/\/tb-place.com\/es\/#organization"},"potentialAction":[{"@type":"SearchAction","target":{"@type":"EntryPoint","urlTemplate":"https:\/\/tb-place.com\/es\/?s={search_term_string}"},"query-input":{"@type":"PropertyValueSpecification","valueRequired":true,"valueName":"search_term_string"}}],"inLanguage":"es"},{"@type":"Organization","@id":"https:\/\/tb-place.com\/es\/#organization","name":"TB Place a Roma","url":"https:\/\/tb-place.com\/es\/","logo":{"@type":"ImageObject","inLanguage":"es","@id":"https:\/\/tb-place.com\/es\/#\/schema\/logo\/image\/","url":"https:\/\/i0.wp.com\/tb-place.com\/wp-content\/uploads\/2024\/04\/TBplace_orizzontale_RGB.png?fit=299%2C100&ssl=1","contentUrl":"https:\/\/i0.wp.com\/tb-place.com\/wp-content\/uploads\/2024\/04\/TBplace_orizzontale_RGB.png?fit=299%2C100&ssl=1","width":299,"height":100,"caption":"TB Place a Roma"},"image":{"@id":"https:\/\/tb-place.com\/es\/#\/schema\/logo\/image\/"}}]}},"jetpack_sharing_enabled":true,"_links":{"self":[{"href":"https:\/\/tb-place.com\/es\/wp-json\/wp\/v2\/pages\/2565","targetHints":{"allow":["GET"]}}],"collection":[{"href":"https:\/\/tb-place.com\/es\/wp-json\/wp\/v2\/pages"}],"about":[{"href":"https:\/\/tb-place.com\/es\/wp-json\/wp\/v2\/types\/page"}],"author":[{"embeddable":true,"href":"https:\/\/tb-place.com\/es\/wp-json\/wp\/v2\/users\/1"}],"replies":[{"embeddable":true,"href":"https:\/\/tb-place.com\/es\/wp-json\/wp\/v2\/comments?post=2565"}],"version-history":[{"count":5,"href":"https:\/\/tb-place.com\/es\/wp-json\/wp\/v2\/pages\/2565\/revisions"}],"predecessor-version":[{"id":3230,"href":"https:\/\/tb-place.com\/es\/wp-json\/wp\/v2\/pages\/2565\/revisions\/3230"}],"wp:attachment":[{"href":"https:\/\/tb-place.com\/es\/wp-json\/wp\/v2\/media?parent=2565"}],"curies":[{"name":"wp","href":"https:\/\/api.w.org\/{rel}","templated":true}]}}