{"id":2617,"date":"2024-04-16T12:41:28","date_gmt":"2024-04-16T12:41:28","guid":{"rendered":"https:\/\/tb-place.com\/ristorante\/"},"modified":"2026-01-22T13:52:52","modified_gmt":"2026-01-22T13:52:52","slug":"restaurante","status":"publish","type":"page","link":"https:\/\/tb-place.com\/es\/restaurante\/","title":{"rendered":"Restaurante"},"content":{"rendered":"\t\t<div data-elementor-type=\"wp-page\" data-elementor-id=\"2617\" class=\"elementor elementor-2617 elementor-866\" data-elementor-post-type=\"page\">\n\t\t\t\t\t\t<section class=\"elementor-section elementor-top-section elementor-element elementor-element-d7d360f elementor-section-full_width elementor-section-height-min-height elementor-section-height-default elementor-section-items-middle\" data-id=\"d7d360f\" data-element_type=\"section\" data-settings=\"{&quot;background_background&quot;:&quot;classic&quot;}\">\n\t\t\t\t\t\t\t<div class=\"elementor-background-overlay\"><\/div>\n\t\t\t\t\t\t\t<div class=\"elementor-container elementor-column-gap-default\">\n\t\t\t\t\t<div class=\"elementor-column elementor-col-100 elementor-top-column elementor-element elementor-element-b092ed7\" data-id=\"b092ed7\" data-element_type=\"column\">\n\t\t\t<div class=\"elementor-widget-wrap elementor-element-populated\">\n\t\t\t\t\t\t<div class=\"elementor-element elementor-element-3fe2056 elementor-widget elementor-widget-spacer\" data-id=\"3fe2056\" data-element_type=\"widget\" data-widget_type=\"spacer.default\">\n\t\t\t\t<div class=\"elementor-widget-container\">\n\t\t\t\t\t\t\t<div class=\"elementor-spacer\">\n\t\t\t<div class=\"elementor-spacer-inner\"><\/div>\n\t\t<\/div>\n\t\t\t\t\t\t<\/div>\n\t\t\t\t<\/div>\n\t\t\t\t\t<\/div>\n\t\t<\/div>\n\t\t\t\t\t<\/div>\n\t\t<\/section>\n\t\t\t\t<section class=\"elementor-section elementor-top-section elementor-element elementor-element-3621b3a elementor-section-content-middle elementor-section-boxed elementor-section-height-default elementor-section-height-default\" data-id=\"3621b3a\" data-element_type=\"section\">\n\t\t\t\t\t\t<div class=\"elementor-container elementor-column-gap-default\">\n\t\t\t\t\t<div class=\"elementor-column elementor-col-66 elementor-top-column elementor-element elementor-element-d137856\" data-id=\"d137856\" data-element_type=\"column\">\n\t\t\t<div class=\"elementor-widget-wrap elementor-element-populated\">\n\t\t\t\t\t\t<div class=\"elementor-element elementor-element-a39a83f elementor-widget elementor-widget-image\" data-id=\"a39a83f\" data-element_type=\"widget\" data-widget_type=\"image.default\">\n\t\t\t\t<div class=\"elementor-widget-container\">\n\t\t\t\t\t\t\t\t\t\t\t\t\t\t\t<img fetchpriority=\"high\" decoding=\"async\" width=\"950\" height=\"633\" src=\"https:\/\/i0.wp.com\/tb-place.com\/wp-content\/uploads\/2025\/12\/ristorante-le-colonnette-7.jpg?fit=950%2C633&amp;ssl=1\" class=\"attachment-full size-full wp-image-7029\" alt=\"\" srcset=\"https:\/\/i0.wp.com\/tb-place.com\/wp-content\/uploads\/2025\/12\/ristorante-le-colonnette-7.jpg?w=950&amp;ssl=1 950w, https:\/\/i0.wp.com\/tb-place.com\/wp-content\/uploads\/2025\/12\/ristorante-le-colonnette-7.jpg?resize=300%2C200&amp;ssl=1 300w, https:\/\/i0.wp.com\/tb-place.com\/wp-content\/uploads\/2025\/12\/ristorante-le-colonnette-7.jpg?resize=768%2C512&amp;ssl=1 768w, https:\/\/i0.wp.com\/tb-place.com\/wp-content\/uploads\/2025\/12\/ristorante-le-colonnette-7.jpg?resize=120%2C80&amp;ssl=1 120w, https:\/\/i0.wp.com\/tb-place.com\/wp-content\/uploads\/2025\/12\/ristorante-le-colonnette-7.jpg?resize=394%2C263&amp;ssl=1 394w, https:\/\/i0.wp.com\/tb-place.com\/wp-content\/uploads\/2025\/12\/ristorante-le-colonnette-7.jpg?resize=915%2C610&amp;ssl=1 915w, https:\/\/i0.wp.com\/tb-place.com\/wp-content\/uploads\/2025\/12\/ristorante-le-colonnette-7.jpg?resize=60%2C40&amp;ssl=1 60w\" sizes=\"(max-width: 950px) 100vw, 950px\" \/>\t\t\t\t\t\t\t\t\t\t\t\t\t\t\t<\/div>\n\t\t\t\t<\/div>\n\t\t\t\t<div class=\"elementor-element elementor-element-1bd3445 elementor-widget elementor-widget-image\" data-id=\"1bd3445\" data-element_type=\"widget\" data-widget_type=\"image.default\">\n\t\t\t\t<div class=\"elementor-widget-container\">\n\t\t\t\t\t\t\t\t\t\t\t\t\t\t\t<img decoding=\"async\" width=\"950\" height=\"633\" src=\"https:\/\/i0.wp.com\/tb-place.com\/wp-content\/uploads\/2025\/12\/tb-place-ristorante2.webp?fit=950%2C633&amp;ssl=1\" class=\"attachment-full size-full wp-image-7034\" alt=\"\" srcset=\"https:\/\/i0.wp.com\/tb-place.com\/wp-content\/uploads\/2025\/12\/tb-place-ristorante2.webp?w=950&amp;ssl=1 950w, https:\/\/i0.wp.com\/tb-place.com\/wp-content\/uploads\/2025\/12\/tb-place-ristorante2.webp?resize=300%2C200&amp;ssl=1 300w, https:\/\/i0.wp.com\/tb-place.com\/wp-content\/uploads\/2025\/12\/tb-place-ristorante2.webp?resize=768%2C512&amp;ssl=1 768w, https:\/\/i0.wp.com\/tb-place.com\/wp-content\/uploads\/2025\/12\/tb-place-ristorante2.webp?resize=120%2C80&amp;ssl=1 120w, https:\/\/i0.wp.com\/tb-place.com\/wp-content\/uploads\/2025\/12\/tb-place-ristorante2.webp?resize=394%2C263&amp;ssl=1 394w, https:\/\/i0.wp.com\/tb-place.com\/wp-content\/uploads\/2025\/12\/tb-place-ristorante2.webp?resize=915%2C610&amp;ssl=1 915w, https:\/\/i0.wp.com\/tb-place.com\/wp-content\/uploads\/2025\/12\/tb-place-ristorante2.webp?resize=60%2C40&amp;ssl=1 60w\" sizes=\"(max-width: 950px) 100vw, 950px\" \/>\t\t\t\t\t\t\t\t\t\t\t\t\t\t\t<\/div>\n\t\t\t\t<\/div>\n\t\t\t\t\t<\/div>\n\t\t<\/div>\n\t\t\t\t<div class=\"elementor-column elementor-col-33 elementor-top-column elementor-element elementor-element-830f02b\" data-id=\"830f02b\" data-element_type=\"column\">\n\t\t\t<div class=\"elementor-widget-wrap elementor-element-populated\">\n\t\t\t\t\t\t<div class=\"elementor-element elementor-element-3502d32 elementor-widget elementor-widget-image\" data-id=\"3502d32\" data-element_type=\"widget\" data-widget_type=\"image.default\">\n\t\t\t\t<div class=\"elementor-widget-container\">\n\t\t\t\t\t\t\t\t\t\t\t\t\t\t\t<img data-recalc-dims=\"1\" decoding=\"async\" src=\"https:\/\/i0.wp.com\/tb-place.com\/wp-content\/uploads\/elementor\/thumbs\/Le_Colonnette_RGB-rg1hljv2khklgfj8jj9at1puf8a8eg7eovufbcfeo0.jpg?w=1140&#038;ssl=1\" title=\"Le_Colonnette_RGB.jpg\" alt=\"Le_Colonnette_RGB.jpg\" loading=\"lazy\" \/>\t\t\t\t\t\t\t\t\t\t\t\t\t\t\t<\/div>\n\t\t\t\t<\/div>\n\t\t\t\t<div class=\"elementor-element elementor-element-51c673e elementor-view-default elementor-position-top elementor-widget elementor-widget-themo-header\" data-id=\"51c673e\" data-element_type=\"widget\" data-widget_type=\"themo-header.default\">\n\t\t\t\t<div class=\"elementor-widget-container\">\n\t\t\t\t\t\t\t<div class=\"th-header-wrap\">\n        <div class=\"elementor-icon-box-wrapper \">\n                            <div class=\"elementor-icon-box-content\">\n                    <h6 class=\"elementor-icon-box-title\">\n                                            <\/h6>\n                                        <p class=\"elementor-icon-box-description\">La calidad y la selecci\u00f3n de las materias primas: el men\u00fa del chef Fabio Licheri<\/p>\n\n                                    <\/div>\n            <\/div>\n\n        <\/div>\n\n\t\t\t\t\t\t<\/div>\n\t\t\t\t<\/div>\n\t\t\t\t<div class=\"elementor-element elementor-element-c454103 elementor-widget elementor-widget-text-editor\" data-id=\"c454103\" data-element_type=\"widget\" data-widget_type=\"text-editor.default\">\n\t\t\t\t<div class=\"elementor-widget-container\">\n\t\t\t\t\t\t\t\t\t<p>\u00abMi cocina es una fusi\u00f3n de recuerdos de infancia y tradiciones culinarias italianas. La frescura del pescado de la costa del Lacio y los aut\u00e9nticos sabores de la tierra se fusionan para crear platos de refinada sencillez\u00bb.<\/p><p>Para nuestro chef <strong>Fabio Licheri<\/strong>, cada plato cuenta <strong>una historia de recuerdos, tradici\u00f3n e investigaci\u00f3n<\/strong>.<br \/>Cada d\u00eda, selecciona cuidadosamente los mejores ingredientes, creando una propuesta gastron\u00f3mica que celebra<strong> la frescura del mar y los vibrantes colores de la tierra<\/strong>.<\/p>\t\t\t\t\t\t\t\t<\/div>\n\t\t\t\t<\/div>\n\t\t\t\t<div class=\"elementor-element elementor-element-7892001 elementor-view-default elementor-position-top elementor-widget elementor-widget-themo-header\" data-id=\"7892001\" data-element_type=\"widget\" data-widget_type=\"themo-header.default\">\n\t\t\t\t<div class=\"elementor-widget-container\">\n\t\t\t\t\t\t\t<div class=\"th-header-wrap\">\n        <div class=\"elementor-icon-box-wrapper \">\n                            <div class=\"elementor-icon-box-content\">\n                    <h6 class=\"elementor-icon-box-title\">\n                                            <\/h6>\n                                        <p class=\"elementor-icon-box-description\">Restaurante en el centro de Roma<\/p>\n\n                                    <\/div>\n            <\/div>\n\n        <\/div>\n\n\t\t\t\t\t\t<\/div>\n\t\t\t\t<\/div>\n\t\t\t\t<div class=\"elementor-element elementor-element-d8b5b2e elementor-widget elementor-widget-text-editor\" data-id=\"d8b5b2e\" data-element_type=\"widget\" data-widget_type=\"text-editor.default\">\n\t\t\t\t<div class=\"elementor-widget-container\">\n\t\t\t\t\t\t\t\t\t<p><strong>Le Colonnette<\/strong> destaca no solo por su sofisticado dise\u00f1o y sus excelentes ingredientes, sino tambi\u00e9n por su ubicaci\u00f3n privilegiada. <strong>Via Condotti, Via Frattina y Piazza di Spagna<\/strong> son solo algunos de los lugares emblem\u00e1ticos de la Ciudad Eterna, a pocos pasos.<\/p><p>Comer en el centro de Roma se convierte en una experiencia especial con platos que combinan sabor y tradici\u00f3n en un entorno \u00fanico. Para el aperitivo, nuestra azotea en la quinta planta le invita a tomar una copa al atardecer o bajo las estrellas, entre los tejados del centro hist\u00f3rico de la capital.<\/p>\t\t\t\t\t\t\t\t<\/div>\n\t\t\t\t<\/div>\n\t\t\t\t<div class=\"elementor-element elementor-element-6f08c3d elementor-widget elementor-widget-themo-button\" data-id=\"6f08c3d\" data-element_type=\"widget\" data-widget_type=\"themo-button.default\">\n\t\t\t\t<div class=\"elementor-widget-container\">\n\t\t\t\t\t\n                \t\t\t<a class=\"btn-1 btn th-btn btn-standard-primary\" href=\"https:\/\/www.lecolonnette.com\/%20\" target=\"_blank\">\n\t\t\t\t\t\t\t\t\tDescubra m\u00e1s\t\t\t\t\t\t\t<\/a>\n\t\t\n        \n\t\t\t\t\t\t<\/div>\n\t\t\t\t<\/div>\n\t\t\t\t\t<\/div>\n\t\t<\/div>\n\t\t\t\t\t<\/div>\n\t\t<\/section>\n\t\t<div class=\"elementor-element elementor-element-3cad163 e-con-full e-flex e-con e-parent\" data-id=\"3cad163\" data-element_type=\"container\">\n\t\t\t\t<div class=\"elementor-element elementor-element-fb156f4 elementor-arrows-position-inside elementor-pagination-position-outside elementor-widget elementor-widget-image-carousel\" data-id=\"fb156f4\" data-element_type=\"widget\" data-settings=\"{&quot;slides_to_show&quot;:&quot;4&quot;,&quot;navigation&quot;:&quot;both&quot;,&quot;autoplay&quot;:&quot;yes&quot;,&quot;pause_on_hover&quot;:&quot;yes&quot;,&quot;pause_on_interaction&quot;:&quot;yes&quot;,&quot;autoplay_speed&quot;:5000,&quot;infinite&quot;:&quot;yes&quot;,&quot;speed&quot;:500,&quot;image_spacing_custom&quot;:{&quot;unit&quot;:&quot;px&quot;,&quot;size&quot;:20,&quot;sizes&quot;:[]},&quot;image_spacing_custom_tablet&quot;:{&quot;unit&quot;:&quot;px&quot;,&quot;size&quot;:&quot;&quot;,&quot;sizes&quot;:[]},&quot;image_spacing_custom_mobile&quot;:{&quot;unit&quot;:&quot;px&quot;,&quot;size&quot;:&quot;&quot;,&quot;sizes&quot;:[]}}\" data-widget_type=\"image-carousel.default\">\n\t\t\t\t<div class=\"elementor-widget-container\">\n\t\t\t\t\t\t\t<div class=\"elementor-image-carousel-wrapper swiper\" role=\"region\" aria-roledescription=\"carousel\" aria-label=\"Carrusel de im\u00e1genes\" dir=\"ltr\">\n\t\t\t<div class=\"elementor-image-carousel swiper-wrapper\" aria-live=\"off\">\n\t\t\t\t\t\t\t\t<div class=\"swiper-slide\" role=\"group\" aria-roledescription=\"slide\" aria-label=\"1 de 8\"><figure class=\"swiper-slide-inner\"><img decoding=\"async\" class=\"swiper-slide-image\" src=\"https:\/\/i0.wp.com\/tb-place.com\/wp-content\/uploads\/2024\/04\/ristorante-le-colonnette-6.jpg?fit=950%2C633&amp;ssl=1\" alt=\"ristorante-le-colonnette-6\" \/><\/figure><\/div><div class=\"swiper-slide\" role=\"group\" aria-roledescription=\"slide\" aria-label=\"2 de 8\"><figure class=\"swiper-slide-inner\"><img decoding=\"async\" class=\"swiper-slide-image\" src=\"https:\/\/i0.wp.com\/tb-place.com\/wp-content\/uploads\/2025\/06\/AlbertoBlasetti-DSCF2367.jpg?fit=950%2C633&amp;ssl=1\" alt=\"AlbertoBlasetti-DSCF2367\" \/><\/figure><\/div><div class=\"swiper-slide\" role=\"group\" aria-roledescription=\"slide\" aria-label=\"3 de 8\"><figure class=\"swiper-slide-inner\"><img decoding=\"async\" class=\"swiper-slide-image\" src=\"https:\/\/i0.wp.com\/tb-place.com\/wp-content\/uploads\/2024\/04\/ristorante-le-colonnette-1.jpg?fit=950%2C633&amp;ssl=1\" alt=\"ristorante-le-colonnette-1\" \/><\/figure><\/div><div class=\"swiper-slide\" role=\"group\" aria-roledescription=\"slide\" aria-label=\"4 de 8\"><figure class=\"swiper-slide-inner\"><img decoding=\"async\" class=\"swiper-slide-image\" src=\"https:\/\/i0.wp.com\/tb-place.com\/wp-content\/uploads\/2025\/06\/AlbertoBlasetti-DSCF2143.jpg?fit=950%2C633&amp;ssl=1\" alt=\"AlbertoBlasetti-DSCF2143\" \/><\/figure><\/div><div class=\"swiper-slide\" role=\"group\" aria-roledescription=\"slide\" aria-label=\"5 de 8\"><figure class=\"swiper-slide-inner\"><img decoding=\"async\" class=\"swiper-slide-image\" src=\"https:\/\/i0.wp.com\/tb-place.com\/wp-content\/uploads\/2025\/06\/AlbertoBlasetti-DSCF2706-1.jpg?fit=950%2C633&amp;ssl=1\" alt=\"AlbertoBlasetti-DSCF2706\" \/><\/figure><\/div><div class=\"swiper-slide\" role=\"group\" aria-roledescription=\"slide\" aria-label=\"6 de 8\"><figure class=\"swiper-slide-inner\"><img decoding=\"async\" class=\"swiper-slide-image\" src=\"https:\/\/i0.wp.com\/tb-place.com\/wp-content\/uploads\/2024\/08\/tb-place-ristorante-gallery2.webp?fit=650%2C433&amp;ssl=1\" alt=\"tb-place-ristorante-gallery2\" \/><\/figure><\/div><div class=\"swiper-slide\" role=\"group\" aria-roledescription=\"slide\" aria-label=\"7 de 8\"><figure class=\"swiper-slide-inner\"><img decoding=\"async\" class=\"swiper-slide-image\" src=\"https:\/\/i0.wp.com\/tb-place.com\/wp-content\/uploads\/2024\/04\/ristorante-le-colonnette-5.jpg?fit=950%2C633&amp;ssl=1\" alt=\"ristorante-le-colonnette-5\" \/><\/figure><\/div><div class=\"swiper-slide\" role=\"group\" aria-roledescription=\"slide\" aria-label=\"8 de 8\"><figure class=\"swiper-slide-inner\"><img decoding=\"async\" class=\"swiper-slide-image\" src=\"https:\/\/i0.wp.com\/tb-place.com\/wp-content\/uploads\/2025\/06\/AlbertoBlasetti-DSCF2166.jpg?fit=950%2C633&amp;ssl=1\" alt=\"AlbertoBlasetti-DSCF2166\" \/><\/figure><\/div>\t\t\t<\/div>\n\t\t\t\t\t\t\t\t\t\t\t\t<div class=\"elementor-swiper-button elementor-swiper-button-prev\" role=\"button\" tabindex=\"0\">\n\t\t\t\t\t\t<i aria-hidden=\"true\" class=\"eicon-chevron-left\"><\/i>\t\t\t\t\t<\/div>\n\t\t\t\t\t<div class=\"elementor-swiper-button elementor-swiper-button-next\" role=\"button\" tabindex=\"0\">\n\t\t\t\t\t\t<i aria-hidden=\"true\" class=\"eicon-chevron-right\"><\/i>\t\t\t\t\t<\/div>\n\t\t\t\t\n\t\t\t\t\t\t\t\t\t<div class=\"swiper-pagination\"><\/div>\n\t\t\t\t\t\t\t\t\t<\/div>\n\t\t\t\t\t\t<\/div>\n\t\t\t\t<\/div>\n\t\t\t\t<\/div>\n\t\t<div class=\"elementor-element elementor-element-90e9297 e-flex e-con-boxed e-con e-parent\" data-id=\"90e9297\" data-element_type=\"container\">\n\t\t\t\t\t<div class=\"e-con-inner\">\n\t\t\t\t<div class=\"elementor-element elementor-element-febc222 elementor-widget elementor-widget-spacer\" data-id=\"febc222\" data-element_type=\"widget\" data-widget_type=\"spacer.default\">\n\t\t\t\t<div class=\"elementor-widget-container\">\n\t\t\t\t\t\t\t<div class=\"elementor-spacer\">\n\t\t\t<div class=\"elementor-spacer-inner\"><\/div>\n\t\t<\/div>\n\t\t\t\t\t\t<\/div>\n\t\t\t\t<\/div>\n\t\t\t\t\t<\/div>\n\t\t\t\t<\/div>\n\t\t\t\t<\/div>\n\t\t","protected":false},"excerpt":{"rendered":"<p>La calidad y la selecci\u00f3n de las materias primas: el men\u00fa del chef Fabio Licheri \u00abMi cocina es una fusi\u00f3n de recuerdos de infancia y tradiciones culinarias italianas. La frescura del pescado de la costa del Lacio y los aut\u00e9nticos &hellip; <a href=\"https:\/\/tb-place.com\/es\/restaurante\/\">Read More<\/a><\/p>\n","protected":false},"author":1,"featured_media":0,"parent":0,"menu_order":0,"comment_status":"closed","ping_status":"closed","template":"","meta":{"footnotes":""},"class_list":["post-2617","page","type-page","status-publish","hentry"],"yoast_head":"<!-- This site is optimized with the Yoast SEO plugin v26.6 - https:\/\/yoast.com\/wordpress\/plugins\/seo\/ -->\n<title>Restaurante - TB Place a Roma<\/title>\n<meta name=\"robots\" content=\"index, follow, max-snippet:-1, max-image-preview:large, max-video-preview:-1\" \/>\n<link rel=\"canonical\" href=\"https:\/\/tb-place.com\/es\/restaurante\/\" \/>\n<meta property=\"og:locale\" content=\"es_ES\" \/>\n<meta property=\"og:type\" content=\"article\" \/>\n<meta property=\"og:title\" content=\"Restaurante - TB Place a Roma\" \/>\n<meta property=\"og:description\" content=\"La calidad y la selecci\u00f3n de las materias primas: el men\u00fa del chef Fabio Licheri \u00abMi cocina es una fusi\u00f3n de recuerdos de infancia y tradiciones culinarias italianas. La frescura del pescado de la costa del Lacio y los aut\u00e9nticos &hellip; Read More\" \/>\n<meta property=\"og:url\" content=\"https:\/\/tb-place.com\/es\/restaurante\/\" \/>\n<meta property=\"og:site_name\" content=\"TB Place a Roma\" \/>\n<meta property=\"article:modified_time\" content=\"2026-01-22T13:52:52+00:00\" \/>\n<meta property=\"og:image\" content=\"https:\/\/tb-place.com\/wp-content\/uploads\/2025\/12\/ristorante-le-colonnette-7.jpg\" \/>\n<meta name=\"twitter:card\" content=\"summary_large_image\" \/>\n<meta name=\"twitter:label1\" content=\"Tiempo de lectura\" \/>\n\t<meta name=\"twitter:data1\" content=\"5 minutos\" \/>\n<script type=\"application\/ld+json\" class=\"yoast-schema-graph\">{\"@context\":\"https:\/\/schema.org\",\"@graph\":[{\"@type\":\"WebPage\",\"@id\":\"https:\/\/tb-place.com\/es\/restaurante\/\",\"url\":\"https:\/\/tb-place.com\/es\/restaurante\/\",\"name\":\"Restaurante - TB Place a Roma\",\"isPartOf\":{\"@id\":\"https:\/\/tb-place.com\/es\/#website\"},\"primaryImageOfPage\":{\"@id\":\"https:\/\/tb-place.com\/es\/restaurante\/#primaryimage\"},\"image\":{\"@id\":\"https:\/\/tb-place.com\/es\/restaurante\/#primaryimage\"},\"thumbnailUrl\":\"https:\/\/tb-place.com\/wp-content\/uploads\/2025\/12\/ristorante-le-colonnette-7.jpg\",\"datePublished\":\"2024-04-16T12:41:28+00:00\",\"dateModified\":\"2026-01-22T13:52:52+00:00\",\"breadcrumb\":{\"@id\":\"https:\/\/tb-place.com\/es\/restaurante\/#breadcrumb\"},\"inLanguage\":\"es\",\"potentialAction\":[{\"@type\":\"ReadAction\",\"target\":[\"https:\/\/tb-place.com\/es\/restaurante\/\"]}]},{\"@type\":\"ImageObject\",\"inLanguage\":\"es\",\"@id\":\"https:\/\/tb-place.com\/es\/restaurante\/#primaryimage\",\"url\":\"https:\/\/tb-place.com\/wp-content\/uploads\/2025\/12\/ristorante-le-colonnette-7.jpg\",\"contentUrl\":\"https:\/\/tb-place.com\/wp-content\/uploads\/2025\/12\/ristorante-le-colonnette-7.jpg\"},{\"@type\":\"BreadcrumbList\",\"@id\":\"https:\/\/tb-place.com\/es\/restaurante\/#breadcrumb\",\"itemListElement\":[{\"@type\":\"ListItem\",\"position\":1,\"name\":\"Home\",\"item\":\"https:\/\/tb-place.com\/es\/\"},{\"@type\":\"ListItem\",\"position\":2,\"name\":\"Restaurante\"}]},{\"@type\":\"WebSite\",\"@id\":\"https:\/\/tb-place.com\/es\/#website\",\"url\":\"https:\/\/tb-place.com\/es\/\",\"name\":\"TB Place a Roma\",\"description\":\"Eleganza e Comfort nel Cuore di Roma\",\"publisher\":{\"@id\":\"https:\/\/tb-place.com\/es\/#organization\"},\"potentialAction\":[{\"@type\":\"SearchAction\",\"target\":{\"@type\":\"EntryPoint\",\"urlTemplate\":\"https:\/\/tb-place.com\/es\/?s={search_term_string}\"},\"query-input\":{\"@type\":\"PropertyValueSpecification\",\"valueRequired\":true,\"valueName\":\"search_term_string\"}}],\"inLanguage\":\"es\"},{\"@type\":\"Organization\",\"@id\":\"https:\/\/tb-place.com\/es\/#organization\",\"name\":\"TB Place a Roma\",\"url\":\"https:\/\/tb-place.com\/es\/\",\"logo\":{\"@type\":\"ImageObject\",\"inLanguage\":\"es\",\"@id\":\"https:\/\/tb-place.com\/es\/#\/schema\/logo\/image\/\",\"url\":\"https:\/\/i0.wp.com\/tb-place.com\/wp-content\/uploads\/2024\/04\/TBplace_orizzontale_RGB.png?fit=299%2C100&ssl=1\",\"contentUrl\":\"https:\/\/i0.wp.com\/tb-place.com\/wp-content\/uploads\/2024\/04\/TBplace_orizzontale_RGB.png?fit=299%2C100&ssl=1\",\"width\":299,\"height\":100,\"caption\":\"TB Place a Roma\"},\"image\":{\"@id\":\"https:\/\/tb-place.com\/es\/#\/schema\/logo\/image\/\"}}]}<\/script>\n<!-- \/ Yoast SEO plugin. -->","yoast_head_json":{"title":"Restaurante - TB Place a Roma","robots":{"index":"index","follow":"follow","max-snippet":"max-snippet:-1","max-image-preview":"max-image-preview:large","max-video-preview":"max-video-preview:-1"},"canonical":"https:\/\/tb-place.com\/es\/restaurante\/","og_locale":"es_ES","og_type":"article","og_title":"Restaurante - TB Place a Roma","og_description":"La calidad y la selecci\u00f3n de las materias primas: el men\u00fa del chef Fabio Licheri \u00abMi cocina es una fusi\u00f3n de recuerdos de infancia y tradiciones culinarias italianas. La frescura del pescado de la costa del Lacio y los aut\u00e9nticos &hellip; Read More","og_url":"https:\/\/tb-place.com\/es\/restaurante\/","og_site_name":"TB Place a Roma","article_modified_time":"2026-01-22T13:52:52+00:00","og_image":[{"url":"https:\/\/tb-place.com\/wp-content\/uploads\/2025\/12\/ristorante-le-colonnette-7.jpg","type":"","width":"","height":""}],"twitter_card":"summary_large_image","twitter_misc":{"Tiempo de lectura":"5 minutos"},"schema":{"@context":"https:\/\/schema.org","@graph":[{"@type":"WebPage","@id":"https:\/\/tb-place.com\/es\/restaurante\/","url":"https:\/\/tb-place.com\/es\/restaurante\/","name":"Restaurante - TB Place a Roma","isPartOf":{"@id":"https:\/\/tb-place.com\/es\/#website"},"primaryImageOfPage":{"@id":"https:\/\/tb-place.com\/es\/restaurante\/#primaryimage"},"image":{"@id":"https:\/\/tb-place.com\/es\/restaurante\/#primaryimage"},"thumbnailUrl":"https:\/\/tb-place.com\/wp-content\/uploads\/2025\/12\/ristorante-le-colonnette-7.jpg","datePublished":"2024-04-16T12:41:28+00:00","dateModified":"2026-01-22T13:52:52+00:00","breadcrumb":{"@id":"https:\/\/tb-place.com\/es\/restaurante\/#breadcrumb"},"inLanguage":"es","potentialAction":[{"@type":"ReadAction","target":["https:\/\/tb-place.com\/es\/restaurante\/"]}]},{"@type":"ImageObject","inLanguage":"es","@id":"https:\/\/tb-place.com\/es\/restaurante\/#primaryimage","url":"https:\/\/tb-place.com\/wp-content\/uploads\/2025\/12\/ristorante-le-colonnette-7.jpg","contentUrl":"https:\/\/tb-place.com\/wp-content\/uploads\/2025\/12\/ristorante-le-colonnette-7.jpg"},{"@type":"BreadcrumbList","@id":"https:\/\/tb-place.com\/es\/restaurante\/#breadcrumb","itemListElement":[{"@type":"ListItem","position":1,"name":"Home","item":"https:\/\/tb-place.com\/es\/"},{"@type":"ListItem","position":2,"name":"Restaurante"}]},{"@type":"WebSite","@id":"https:\/\/tb-place.com\/es\/#website","url":"https:\/\/tb-place.com\/es\/","name":"TB Place a Roma","description":"Eleganza e Comfort nel Cuore di Roma","publisher":{"@id":"https:\/\/tb-place.com\/es\/#organization"},"potentialAction":[{"@type":"SearchAction","target":{"@type":"EntryPoint","urlTemplate":"https:\/\/tb-place.com\/es\/?s={search_term_string}"},"query-input":{"@type":"PropertyValueSpecification","valueRequired":true,"valueName":"search_term_string"}}],"inLanguage":"es"},{"@type":"Organization","@id":"https:\/\/tb-place.com\/es\/#organization","name":"TB Place a Roma","url":"https:\/\/tb-place.com\/es\/","logo":{"@type":"ImageObject","inLanguage":"es","@id":"https:\/\/tb-place.com\/es\/#\/schema\/logo\/image\/","url":"https:\/\/i0.wp.com\/tb-place.com\/wp-content\/uploads\/2024\/04\/TBplace_orizzontale_RGB.png?fit=299%2C100&ssl=1","contentUrl":"https:\/\/i0.wp.com\/tb-place.com\/wp-content\/uploads\/2024\/04\/TBplace_orizzontale_RGB.png?fit=299%2C100&ssl=1","width":299,"height":100,"caption":"TB Place a Roma"},"image":{"@id":"https:\/\/tb-place.com\/es\/#\/schema\/logo\/image\/"}}]}},"jetpack_sharing_enabled":true,"_links":{"self":[{"href":"https:\/\/tb-place.com\/es\/wp-json\/wp\/v2\/pages\/2617","targetHints":{"allow":["GET"]}}],"collection":[{"href":"https:\/\/tb-place.com\/es\/wp-json\/wp\/v2\/pages"}],"about":[{"href":"https:\/\/tb-place.com\/es\/wp-json\/wp\/v2\/types\/page"}],"author":[{"embeddable":true,"href":"https:\/\/tb-place.com\/es\/wp-json\/wp\/v2\/users\/1"}],"replies":[{"embeddable":true,"href":"https:\/\/tb-place.com\/es\/wp-json\/wp\/v2\/comments?post=2617"}],"version-history":[{"count":16,"href":"https:\/\/tb-place.com\/es\/wp-json\/wp\/v2\/pages\/2617\/revisions"}],"predecessor-version":[{"id":7155,"href":"https:\/\/tb-place.com\/es\/wp-json\/wp\/v2\/pages\/2617\/revisions\/7155"}],"wp:attachment":[{"href":"https:\/\/tb-place.com\/es\/wp-json\/wp\/v2\/media?parent=2617"}],"curies":[{"name":"wp","href":"https:\/\/api.w.org\/{rel}","templated":true}]}}