{"id":5259,"date":"2025-04-23T10:51:19","date_gmt":"2025-04-23T10:51:19","guid":{"rendered":"https:\/\/tb-place.com\/suite\/"},"modified":"2026-03-31T10:15:37","modified_gmt":"2026-03-31T10:15:37","slug":"suite","status":"publish","type":"page","link":"https:\/\/tb-place.com\/es\/suite\/","title":{"rendered":"Suite"},"content":{"rendered":"\t\t<div data-elementor-type=\"wp-page\" data-elementor-id=\"5259\" class=\"elementor elementor-5259 elementor-4741\" data-elementor-post-type=\"page\">\n\t\t\t\t\t\t<section class=\"elementor-section elementor-top-section elementor-element elementor-element-1f6ed75 elementor-section-full_width elementor-section-height-min-height elementor-section-height-default elementor-section-items-middle\" data-id=\"1f6ed75\" data-element_type=\"section\" data-e-type=\"section\" data-settings=\"{&quot;background_background&quot;:&quot;classic&quot;}\">\n\t\t\t\t\t\t\t<div class=\"elementor-background-overlay\"><\/div>\n\t\t\t\t\t\t\t<div class=\"elementor-container elementor-column-gap-default\">\n\t\t\t\t\t<div class=\"elementor-column elementor-col-100 elementor-top-column elementor-element elementor-element-b838c82\" data-id=\"b838c82\" data-element_type=\"column\" data-e-type=\"column\">\n\t\t\t<div class=\"elementor-widget-wrap elementor-element-populated\">\n\t\t\t\t\t\t<div class=\"elementor-element elementor-element-806198b elementor-widget elementor-widget-spacer\" data-id=\"806198b\" data-element_type=\"widget\" data-e-type=\"widget\" data-widget_type=\"spacer.default\">\n\t\t\t\t<div class=\"elementor-widget-container\">\n\t\t\t\t\t\t\t<div class=\"elementor-spacer\">\n\t\t\t<div class=\"elementor-spacer-inner\"><\/div>\n\t\t<\/div>\n\t\t\t\t\t\t<\/div>\n\t\t\t\t<\/div>\n\t\t\t\t\t<\/div>\n\t\t<\/div>\n\t\t\t\t\t<\/div>\n\t\t<\/section>\n\t\t<div class=\"elementor-element elementor-element-b519068 e-flex e-con-boxed e-con e-parent\" data-id=\"b519068\" data-element_type=\"container\" data-e-type=\"container\" data-settings=\"{&quot;background_background&quot;:&quot;classic&quot;}\">\n\t\t\t\t\t<div class=\"e-con-inner\">\n\t\t\t\t<div class=\"elementor-element elementor-element-32bc125 elementor-view-default elementor-position-top elementor-widget elementor-widget-themo-header\" data-id=\"32bc125\" data-element_type=\"widget\" data-e-type=\"widget\" data-widget_type=\"themo-header.default\">\n\t\t\t\t<div class=\"elementor-widget-container\">\n\t\t\t\t\t\t\t<div class=\"th-header-wrap\">\n        <div class=\"elementor-icon-box-wrapper \">\n                            <div class=\"elementor-icon-box-content\">\n                    <h1 class=\"elementor-icon-box-title\">\n                        Nuestras suites                    <\/h1>\n                                            <span class=\"th-header-divider\"><\/span>\n                                        <p class=\"elementor-icon-box-description\">En <b>TB Place<\/b> cada habitaci\u00f3n tiene su propia alma<\/p>\n\n                                            <div class=\"th-btn-wrap\">\n                                                            <a class=\"btn-1 btn th-btn btn-ghost-primary\" href=\"https:\/\/tb-place.com\/es\/alojamiento\/\">\n                                                                            Descubrir las habitaciones                                                                    <\/a>\n                            \n                                                    <\/div>\n                                    <\/div>\n            <\/div>\n\n        <\/div>\n\n\t\t\t\t\t\t<\/div>\n\t\t\t\t<\/div>\n\t\t\t\t\t<\/div>\n\t\t\t\t<\/div>\n\t\t\t\t<section class=\"elementor-section elementor-top-section elementor-element elementor-element-9a35837 elementor-section-full_width elementor-section-content-middle elementor-section-height-default elementor-section-height-default\" data-id=\"9a35837\" data-element_type=\"section\" data-e-type=\"section\">\n\t\t\t\t\t\t<div class=\"elementor-container elementor-column-gap-default\">\n\t\t\t\t\t<div class=\"elementor-column elementor-col-66 elementor-top-column elementor-element elementor-element-9d30741\" data-id=\"9d30741\" data-element_type=\"column\" data-e-type=\"column\">\n\t\t\t<div class=\"elementor-widget-wrap elementor-element-populated\">\n\t\t\t\t\t\t<div class=\"elementor-element elementor-element-c05f227 elementor-widget elementor-widget-image\" data-id=\"c05f227\" data-element_type=\"widget\" data-e-type=\"widget\" data-widget_type=\"image.default\">\n\t\t\t\t<div class=\"elementor-widget-container\">\n\t\t\t\t\t\t\t\t\t\t\t\t\t\t\t<img fetchpriority=\"high\" decoding=\"async\" width=\"1920\" height=\"1280\" src=\"https:\/\/i0.wp.com\/tb-place.com\/wp-content\/uploads\/2024\/04\/D-27201.jpg?fit=1920%2C1280&amp;ssl=1\" class=\"attachment-full size-full wp-image-2855\" alt=\"\" srcset=\"https:\/\/i0.wp.com\/tb-place.com\/wp-content\/uploads\/2024\/04\/D-27201.jpg?w=1920&amp;ssl=1 1920w, https:\/\/i0.wp.com\/tb-place.com\/wp-content\/uploads\/2024\/04\/D-27201.jpg?resize=300%2C200&amp;ssl=1 300w, https:\/\/i0.wp.com\/tb-place.com\/wp-content\/uploads\/2024\/04\/D-27201.jpg?resize=1024%2C683&amp;ssl=1 1024w, https:\/\/i0.wp.com\/tb-place.com\/wp-content\/uploads\/2024\/04\/D-27201.jpg?resize=768%2C512&amp;ssl=1 768w, https:\/\/i0.wp.com\/tb-place.com\/wp-content\/uploads\/2024\/04\/D-27201.jpg?resize=1536%2C1024&amp;ssl=1 1536w, https:\/\/i0.wp.com\/tb-place.com\/wp-content\/uploads\/2024\/04\/D-27201.jpg?resize=120%2C80&amp;ssl=1 120w, https:\/\/i0.wp.com\/tb-place.com\/wp-content\/uploads\/2024\/04\/D-27201.jpg?resize=394%2C263&amp;ssl=1 394w, https:\/\/i0.wp.com\/tb-place.com\/wp-content\/uploads\/2024\/04\/D-27201.jpg?resize=915%2C610&amp;ssl=1 915w, https:\/\/i0.wp.com\/tb-place.com\/wp-content\/uploads\/2024\/04\/D-27201.jpg?resize=1240%2C827&amp;ssl=1 1240w, https:\/\/i0.wp.com\/tb-place.com\/wp-content\/uploads\/2024\/04\/D-27201.jpg?resize=1620%2C1080&amp;ssl=1 1620w, https:\/\/i0.wp.com\/tb-place.com\/wp-content\/uploads\/2024\/04\/D-27201.jpg?resize=60%2C40&amp;ssl=1 60w\" sizes=\"(max-width: 1140px) 100vw, 1140px\" \/>\t\t\t\t\t\t\t\t\t\t\t\t\t\t\t<\/div>\n\t\t\t\t<\/div>\n\t\t\t\t\t<\/div>\n\t\t<\/div>\n\t\t\t\t<div class=\"elementor-column elementor-col-33 elementor-top-column elementor-element elementor-element-1a86ddc\" data-id=\"1a86ddc\" data-element_type=\"column\" data-e-type=\"column\">\n\t\t\t<div class=\"elementor-widget-wrap elementor-element-populated\">\n\t\t\t\t\t\t<div class=\"elementor-element elementor-element-f276c72 elementor-view-default elementor-position-top elementor-widget elementor-widget-themo-header\" data-id=\"f276c72\" data-element_type=\"widget\" data-e-type=\"widget\" data-widget_type=\"themo-header.default\">\n\t\t\t\t<div class=\"elementor-widget-container\">\n\t\t\t\t\t\t\t<div class=\"th-header-wrap\">\n        <div class=\"elementor-icon-box-wrapper \">\n                            <div class=\"elementor-icon-box-content\">\n                    <h2 class=\"elementor-icon-box-title\">\n                        Junior Suite                     <\/h2>\n                                            <span class=\"th-header-divider\"><\/span>\n                                        <p class=\"elementor-icon-box-description\">Espaciosas, llenas de encanto antiguo, equipadas con grandes y luminosos ventanales, nuestras Junior Suites te har\u00e1n sentir suspendido en la atm\u00f3sfera de ensue\u00f1o de la ciudad.<\/p>\n\n                                            <div class=\"th-btn-wrap\">\n                                                            <a class=\"btn-1 btn th-btn btn-standard-primary\" href=\"https:\/\/tb-place.com\/es\/room\/junior-suite\/\">\n                                                                            Descubra la suite                                                                    <\/a>\n                            \n                                                    <\/div>\n                                    <\/div>\n            <\/div>\n\n        <\/div>\n\n\t\t\t\t\t\t<\/div>\n\t\t\t\t<\/div>\n\t\t\t\t\t<\/div>\n\t\t<\/div>\n\t\t\t\t\t<\/div>\n\t\t<\/section>\n\t\t\t\t<section class=\"elementor-section elementor-top-section elementor-element elementor-element-6f2ca8f elementor-section-full_width elementor-section-content-middle elementor-reverse-mobile elementor-section-height-default elementor-section-height-default\" data-id=\"6f2ca8f\" data-element_type=\"section\" data-e-type=\"section\">\n\t\t\t\t\t\t<div class=\"elementor-container elementor-column-gap-default\">\n\t\t\t\t\t<div class=\"elementor-column elementor-col-33 elementor-top-column elementor-element elementor-element-df5a06b\" data-id=\"df5a06b\" data-element_type=\"column\" data-e-type=\"column\">\n\t\t\t<div class=\"elementor-widget-wrap elementor-element-populated\">\n\t\t\t\t\t\t<div class=\"elementor-element elementor-element-c5fbfd2 elementor-view-default elementor-position-top elementor-widget elementor-widget-themo-header\" data-id=\"c5fbfd2\" data-element_type=\"widget\" data-e-type=\"widget\" data-widget_type=\"themo-header.default\">\n\t\t\t\t<div class=\"elementor-widget-container\">\n\t\t\t\t\t\t\t<div class=\"th-header-wrap\">\n        <div class=\"elementor-icon-box-wrapper \">\n                            <div class=\"elementor-icon-box-content\">\n                    <h3 class=\"elementor-icon-box-title\">\n                        Corner Suite                    <\/h3>\n                                            <span class=\"th-header-divider\"><\/span>\n                                        <p class=\"elementor-icon-box-description\">Cada suite, imponente y envuelta en un aura de antigua grandeza, recibe a sus hu\u00e9spedes con un abrazo de elegancia y comodidad atemporales.<\/p>\n\n                                            <div class=\"th-btn-wrap\">\n                                                            <a class=\"btn-1 btn th-btn btn-standard-primary\" href=\"https:\/\/tb-place.com\/es\/room\/suite\/\">\n                                                                            Descubra la suite                                                                    <\/a>\n                            \n                                                    <\/div>\n                                    <\/div>\n            <\/div>\n\n        <\/div>\n\n\t\t\t\t\t\t<\/div>\n\t\t\t\t<\/div>\n\t\t\t\t\t<\/div>\n\t\t<\/div>\n\t\t\t\t<div class=\"elementor-column elementor-col-66 elementor-top-column elementor-element elementor-element-c4aa879\" data-id=\"c4aa879\" data-element_type=\"column\" data-e-type=\"column\">\n\t\t\t<div class=\"elementor-widget-wrap elementor-element-populated\">\n\t\t\t\t\t\t<div class=\"elementor-element elementor-element-d1ee5e4 elementor-widget elementor-widget-image\" data-id=\"d1ee5e4\" data-element_type=\"widget\" data-e-type=\"widget\" data-widget_type=\"image.default\">\n\t\t\t\t<div class=\"elementor-widget-container\">\n\t\t\t\t\t\t\t\t\t\t\t\t\t\t\t<img decoding=\"async\" width=\"1920\" height=\"1280\" src=\"https:\/\/i0.wp.com\/tb-place.com\/wp-content\/uploads\/2024\/04\/D-29192.jpg?fit=1920%2C1280&amp;ssl=1\" class=\"attachment-full size-full wp-image-3180\" alt=\"\" srcset=\"https:\/\/i0.wp.com\/tb-place.com\/wp-content\/uploads\/2024\/04\/D-29192.jpg?w=1920&amp;ssl=1 1920w, https:\/\/i0.wp.com\/tb-place.com\/wp-content\/uploads\/2024\/04\/D-29192.jpg?resize=300%2C200&amp;ssl=1 300w, https:\/\/i0.wp.com\/tb-place.com\/wp-content\/uploads\/2024\/04\/D-29192.jpg?resize=1024%2C683&amp;ssl=1 1024w, https:\/\/i0.wp.com\/tb-place.com\/wp-content\/uploads\/2024\/04\/D-29192.jpg?resize=768%2C512&amp;ssl=1 768w, https:\/\/i0.wp.com\/tb-place.com\/wp-content\/uploads\/2024\/04\/D-29192.jpg?resize=1536%2C1024&amp;ssl=1 1536w, https:\/\/i0.wp.com\/tb-place.com\/wp-content\/uploads\/2024\/04\/D-29192.jpg?resize=120%2C80&amp;ssl=1 120w, https:\/\/i0.wp.com\/tb-place.com\/wp-content\/uploads\/2024\/04\/D-29192.jpg?resize=394%2C263&amp;ssl=1 394w, https:\/\/i0.wp.com\/tb-place.com\/wp-content\/uploads\/2024\/04\/D-29192.jpg?resize=915%2C610&amp;ssl=1 915w, https:\/\/i0.wp.com\/tb-place.com\/wp-content\/uploads\/2024\/04\/D-29192.jpg?resize=1240%2C827&amp;ssl=1 1240w, https:\/\/i0.wp.com\/tb-place.com\/wp-content\/uploads\/2024\/04\/D-29192.jpg?resize=1620%2C1080&amp;ssl=1 1620w, https:\/\/i0.wp.com\/tb-place.com\/wp-content\/uploads\/2024\/04\/D-29192.jpg?resize=60%2C40&amp;ssl=1 60w\" sizes=\"(max-width: 1140px) 100vw, 1140px\" \/>\t\t\t\t\t\t\t\t\t\t\t\t\t\t\t<\/div>\n\t\t\t\t<\/div>\n\t\t\t\t\t<\/div>\n\t\t<\/div>\n\t\t\t\t\t<\/div>\n\t\t<\/section>\n\t\t\t\t<\/div>\n\t\t","protected":false},"excerpt":{"rendered":"<p>Nuestras suites En TB Place cada habitaci\u00f3n tiene su propia alma Descubrir las habitaciones Junior Suite Espaciosas, llenas de encanto antiguo, equipadas con grandes y luminosos ventanales, nuestras Junior Suites te har\u00e1n sentir suspendido en la atm\u00f3sfera de ensue\u00f1o de &hellip; <a href=\"https:\/\/tb-place.com\/es\/suite\/\">Read More<\/a><\/p>\n","protected":false},"author":1,"featured_media":0,"parent":0,"menu_order":0,"comment_status":"closed","ping_status":"closed","template":"","meta":{"footnotes":""},"class_list":["post-5259","page","type-page","status-publish","hentry"],"yoast_head":"<!-- This site is optimized with the Yoast SEO plugin v27.4 - https:\/\/yoast.com\/product\/yoast-seo-wordpress\/ -->\n<title>Suite - TB Place a Roma<\/title>\n<meta name=\"robots\" content=\"index, follow, max-snippet:-1, max-image-preview:large, max-video-preview:-1\" \/>\n<link rel=\"canonical\" href=\"https:\/\/tb-place.com\/es\/suite\/\" \/>\n<meta property=\"og:locale\" content=\"es_ES\" \/>\n<meta property=\"og:type\" content=\"article\" \/>\n<meta property=\"og:title\" content=\"Suite - TB Place a Roma\" \/>\n<meta property=\"og:description\" content=\"Nuestras suites En TB Place cada habitaci\u00f3n tiene su propia alma Descubrir las habitaciones Junior Suite Espaciosas, llenas de encanto antiguo, equipadas con grandes y luminosos ventanales, nuestras Junior Suites te har\u00e1n sentir suspendido en la atm\u00f3sfera de ensue\u00f1o de &hellip; Read More\" \/>\n<meta property=\"og:url\" content=\"https:\/\/tb-place.com\/es\/suite\/\" \/>\n<meta property=\"og:site_name\" content=\"TB Place a Roma\" \/>\n<meta property=\"article:modified_time\" content=\"2026-03-31T10:15:37+00:00\" \/>\n<meta property=\"og:image\" content=\"https:\/\/tb-place.com\/wp-content\/uploads\/2024\/04\/D-27201.jpg\" \/>\n<meta name=\"twitter:card\" content=\"summary_large_image\" \/>\n<meta name=\"twitter:label1\" content=\"Tiempo de lectura\" \/>\n\t<meta name=\"twitter:data1\" content=\"1 minuto\" \/>\n<script type=\"application\/ld+json\" class=\"yoast-schema-graph\">{\"@context\":\"https:\\\/\\\/schema.org\",\"@graph\":[{\"@type\":\"WebPage\",\"@id\":\"https:\\\/\\\/tb-place.com\\\/es\\\/suite\\\/\",\"url\":\"https:\\\/\\\/tb-place.com\\\/es\\\/suite\\\/\",\"name\":\"Suite - TB Place a Roma\",\"isPartOf\":{\"@id\":\"https:\\\/\\\/tb-place.com\\\/es\\\/#website\"},\"primaryImageOfPage\":{\"@id\":\"https:\\\/\\\/tb-place.com\\\/es\\\/suite\\\/#primaryimage\"},\"image\":{\"@id\":\"https:\\\/\\\/tb-place.com\\\/es\\\/suite\\\/#primaryimage\"},\"thumbnailUrl\":\"https:\\\/\\\/tb-place.com\\\/wp-content\\\/uploads\\\/2024\\\/04\\\/D-27201.jpg\",\"datePublished\":\"2025-04-23T10:51:19+00:00\",\"dateModified\":\"2026-03-31T10:15:37+00:00\",\"breadcrumb\":{\"@id\":\"https:\\\/\\\/tb-place.com\\\/es\\\/suite\\\/#breadcrumb\"},\"inLanguage\":\"es\",\"potentialAction\":[{\"@type\":\"ReadAction\",\"target\":[\"https:\\\/\\\/tb-place.com\\\/es\\\/suite\\\/\"]}]},{\"@type\":\"ImageObject\",\"inLanguage\":\"es\",\"@id\":\"https:\\\/\\\/tb-place.com\\\/es\\\/suite\\\/#primaryimage\",\"url\":\"https:\\\/\\\/tb-place.com\\\/wp-content\\\/uploads\\\/2024\\\/04\\\/D-27201.jpg\",\"contentUrl\":\"https:\\\/\\\/tb-place.com\\\/wp-content\\\/uploads\\\/2024\\\/04\\\/D-27201.jpg\"},{\"@type\":\"BreadcrumbList\",\"@id\":\"https:\\\/\\\/tb-place.com\\\/es\\\/suite\\\/#breadcrumb\",\"itemListElement\":[{\"@type\":\"ListItem\",\"position\":1,\"name\":\"Home\",\"item\":\"https:\\\/\\\/tb-place.com\\\/es\\\/\"},{\"@type\":\"ListItem\",\"position\":2,\"name\":\"Suite\"}]},{\"@type\":\"WebSite\",\"@id\":\"https:\\\/\\\/tb-place.com\\\/es\\\/#website\",\"url\":\"https:\\\/\\\/tb-place.com\\\/es\\\/\",\"name\":\"TB Place a Roma\",\"description\":\"Eleganza e Comfort nel Cuore di Roma\",\"publisher\":{\"@id\":\"https:\\\/\\\/tb-place.com\\\/es\\\/#organization\"},\"potentialAction\":[{\"@type\":\"SearchAction\",\"target\":{\"@type\":\"EntryPoint\",\"urlTemplate\":\"https:\\\/\\\/tb-place.com\\\/es\\\/?s={search_term_string}\"},\"query-input\":{\"@type\":\"PropertyValueSpecification\",\"valueRequired\":true,\"valueName\":\"search_term_string\"}}],\"inLanguage\":\"es\"},{\"@type\":\"Organization\",\"@id\":\"https:\\\/\\\/tb-place.com\\\/es\\\/#organization\",\"name\":\"TB Place a Roma\",\"url\":\"https:\\\/\\\/tb-place.com\\\/es\\\/\",\"logo\":{\"@type\":\"ImageObject\",\"inLanguage\":\"es\",\"@id\":\"https:\\\/\\\/tb-place.com\\\/es\\\/#\\\/schema\\\/logo\\\/image\\\/\",\"url\":\"https:\\\/\\\/i0.wp.com\\\/tb-place.com\\\/wp-content\\\/uploads\\\/2024\\\/04\\\/TBplace_orizzontale_RGB.png?fit=299%2C100&ssl=1\",\"contentUrl\":\"https:\\\/\\\/i0.wp.com\\\/tb-place.com\\\/wp-content\\\/uploads\\\/2024\\\/04\\\/TBplace_orizzontale_RGB.png?fit=299%2C100&ssl=1\",\"width\":299,\"height\":100,\"caption\":\"TB Place a Roma\"},\"image\":{\"@id\":\"https:\\\/\\\/tb-place.com\\\/es\\\/#\\\/schema\\\/logo\\\/image\\\/\"}}]}<\/script>\n<!-- \/ Yoast SEO plugin. -->","yoast_head_json":{"title":"Suite - TB Place a Roma","robots":{"index":"index","follow":"follow","max-snippet":"max-snippet:-1","max-image-preview":"max-image-preview:large","max-video-preview":"max-video-preview:-1"},"canonical":"https:\/\/tb-place.com\/es\/suite\/","og_locale":"es_ES","og_type":"article","og_title":"Suite - TB Place a Roma","og_description":"Nuestras suites En TB Place cada habitaci\u00f3n tiene su propia alma Descubrir las habitaciones Junior Suite Espaciosas, llenas de encanto antiguo, equipadas con grandes y luminosos ventanales, nuestras Junior Suites te har\u00e1n sentir suspendido en la atm\u00f3sfera de ensue\u00f1o de &hellip; Read More","og_url":"https:\/\/tb-place.com\/es\/suite\/","og_site_name":"TB Place a Roma","article_modified_time":"2026-03-31T10:15:37+00:00","og_image":[{"url":"https:\/\/tb-place.com\/wp-content\/uploads\/2024\/04\/D-27201.jpg","type":"","width":"","height":""}],"twitter_card":"summary_large_image","twitter_misc":{"Tiempo de lectura":"1 minuto"},"schema":{"@context":"https:\/\/schema.org","@graph":[{"@type":"WebPage","@id":"https:\/\/tb-place.com\/es\/suite\/","url":"https:\/\/tb-place.com\/es\/suite\/","name":"Suite - TB Place a Roma","isPartOf":{"@id":"https:\/\/tb-place.com\/es\/#website"},"primaryImageOfPage":{"@id":"https:\/\/tb-place.com\/es\/suite\/#primaryimage"},"image":{"@id":"https:\/\/tb-place.com\/es\/suite\/#primaryimage"},"thumbnailUrl":"https:\/\/tb-place.com\/wp-content\/uploads\/2024\/04\/D-27201.jpg","datePublished":"2025-04-23T10:51:19+00:00","dateModified":"2026-03-31T10:15:37+00:00","breadcrumb":{"@id":"https:\/\/tb-place.com\/es\/suite\/#breadcrumb"},"inLanguage":"es","potentialAction":[{"@type":"ReadAction","target":["https:\/\/tb-place.com\/es\/suite\/"]}]},{"@type":"ImageObject","inLanguage":"es","@id":"https:\/\/tb-place.com\/es\/suite\/#primaryimage","url":"https:\/\/tb-place.com\/wp-content\/uploads\/2024\/04\/D-27201.jpg","contentUrl":"https:\/\/tb-place.com\/wp-content\/uploads\/2024\/04\/D-27201.jpg"},{"@type":"BreadcrumbList","@id":"https:\/\/tb-place.com\/es\/suite\/#breadcrumb","itemListElement":[{"@type":"ListItem","position":1,"name":"Home","item":"https:\/\/tb-place.com\/es\/"},{"@type":"ListItem","position":2,"name":"Suite"}]},{"@type":"WebSite","@id":"https:\/\/tb-place.com\/es\/#website","url":"https:\/\/tb-place.com\/es\/","name":"TB Place a Roma","description":"Eleganza e Comfort nel Cuore di Roma","publisher":{"@id":"https:\/\/tb-place.com\/es\/#organization"},"potentialAction":[{"@type":"SearchAction","target":{"@type":"EntryPoint","urlTemplate":"https:\/\/tb-place.com\/es\/?s={search_term_string}"},"query-input":{"@type":"PropertyValueSpecification","valueRequired":true,"valueName":"search_term_string"}}],"inLanguage":"es"},{"@type":"Organization","@id":"https:\/\/tb-place.com\/es\/#organization","name":"TB Place a Roma","url":"https:\/\/tb-place.com\/es\/","logo":{"@type":"ImageObject","inLanguage":"es","@id":"https:\/\/tb-place.com\/es\/#\/schema\/logo\/image\/","url":"https:\/\/i0.wp.com\/tb-place.com\/wp-content\/uploads\/2024\/04\/TBplace_orizzontale_RGB.png?fit=299%2C100&ssl=1","contentUrl":"https:\/\/i0.wp.com\/tb-place.com\/wp-content\/uploads\/2024\/04\/TBplace_orizzontale_RGB.png?fit=299%2C100&ssl=1","width":299,"height":100,"caption":"TB Place a Roma"},"image":{"@id":"https:\/\/tb-place.com\/es\/#\/schema\/logo\/image\/"}}]}},"jetpack_sharing_enabled":true,"_links":{"self":[{"href":"https:\/\/tb-place.com\/es\/wp-json\/wp\/v2\/pages\/5259","targetHints":{"allow":["GET"]}}],"collection":[{"href":"https:\/\/tb-place.com\/es\/wp-json\/wp\/v2\/pages"}],"about":[{"href":"https:\/\/tb-place.com\/es\/wp-json\/wp\/v2\/types\/page"}],"author":[{"embeddable":true,"href":"https:\/\/tb-place.com\/es\/wp-json\/wp\/v2\/users\/1"}],"replies":[{"embeddable":true,"href":"https:\/\/tb-place.com\/es\/wp-json\/wp\/v2\/comments?post=5259"}],"version-history":[{"count":13,"href":"https:\/\/tb-place.com\/es\/wp-json\/wp\/v2\/pages\/5259\/revisions"}],"predecessor-version":[{"id":7255,"href":"https:\/\/tb-place.com\/es\/wp-json\/wp\/v2\/pages\/5259\/revisions\/7255"}],"wp:attachment":[{"href":"https:\/\/tb-place.com\/es\/wp-json\/wp\/v2\/media?parent=5259"}],"curies":[{"name":"wp","href":"https:\/\/api.w.org\/{rel}","templated":true}]}}