{"id":2615,"date":"2024-04-16T12:41:28","date_gmt":"2024-04-16T12:41:28","guid":{"rendered":"https:\/\/tb-place.com\/ristorante\/"},"modified":"2026-01-22T13:52:10","modified_gmt":"2026-01-22T13:52:10","slug":"restaurant","status":"publish","type":"page","link":"https:\/\/tb-place.com\/fr\/restaurant\/","title":{"rendered":"Restaurant"},"content":{"rendered":"\t\t<div data-elementor-type=\"wp-page\" data-elementor-id=\"2615\" class=\"elementor elementor-2615 elementor-866\" data-elementor-post-type=\"page\">\n\t\t\t\t\t\t<section class=\"elementor-section elementor-top-section elementor-element elementor-element-d7d360f elementor-section-full_width elementor-section-height-min-height elementor-section-height-default elementor-section-items-middle\" data-id=\"d7d360f\" data-element_type=\"section\" data-settings=\"{&quot;background_background&quot;:&quot;classic&quot;}\">\n\t\t\t\t\t\t\t<div class=\"elementor-background-overlay\"><\/div>\n\t\t\t\t\t\t\t<div class=\"elementor-container elementor-column-gap-default\">\n\t\t\t\t\t<div class=\"elementor-column elementor-col-100 elementor-top-column elementor-element elementor-element-b092ed7\" data-id=\"b092ed7\" data-element_type=\"column\">\n\t\t\t<div class=\"elementor-widget-wrap elementor-element-populated\">\n\t\t\t\t\t\t<div class=\"elementor-element elementor-element-3fe2056 elementor-widget elementor-widget-spacer\" data-id=\"3fe2056\" data-element_type=\"widget\" data-widget_type=\"spacer.default\">\n\t\t\t\t<div class=\"elementor-widget-container\">\n\t\t\t\t\t\t\t<div class=\"elementor-spacer\">\n\t\t\t<div class=\"elementor-spacer-inner\"><\/div>\n\t\t<\/div>\n\t\t\t\t\t\t<\/div>\n\t\t\t\t<\/div>\n\t\t\t\t\t<\/div>\n\t\t<\/div>\n\t\t\t\t\t<\/div>\n\t\t<\/section>\n\t\t\t\t<section class=\"elementor-section elementor-top-section elementor-element elementor-element-582f097 elementor-section-content-middle elementor-section-boxed elementor-section-height-default elementor-section-height-default\" data-id=\"582f097\" data-element_type=\"section\">\n\t\t\t\t\t\t<div class=\"elementor-container elementor-column-gap-default\">\n\t\t\t\t\t<div class=\"elementor-column elementor-col-66 elementor-top-column elementor-element elementor-element-b6e179f\" data-id=\"b6e179f\" data-element_type=\"column\">\n\t\t\t<div class=\"elementor-widget-wrap elementor-element-populated\">\n\t\t\t\t\t\t<div class=\"elementor-element elementor-element-58942b6 elementor-widget elementor-widget-image\" data-id=\"58942b6\" data-element_type=\"widget\" data-widget_type=\"image.default\">\n\t\t\t\t<div class=\"elementor-widget-container\">\n\t\t\t\t\t\t\t\t\t\t\t\t\t\t\t<img fetchpriority=\"high\" decoding=\"async\" width=\"950\" height=\"633\" src=\"https:\/\/i0.wp.com\/tb-place.com\/wp-content\/uploads\/2024\/04\/ristorante-le-colonnette-7.jpg?fit=950%2C633&amp;ssl=1\" class=\"attachment-full size-full wp-image-2626\" alt=\"\" srcset=\"https:\/\/i0.wp.com\/tb-place.com\/wp-content\/uploads\/2024\/04\/ristorante-le-colonnette-7.jpg?w=950&amp;ssl=1 950w, https:\/\/i0.wp.com\/tb-place.com\/wp-content\/uploads\/2024\/04\/ristorante-le-colonnette-7.jpg?resize=300%2C200&amp;ssl=1 300w, https:\/\/i0.wp.com\/tb-place.com\/wp-content\/uploads\/2024\/04\/ristorante-le-colonnette-7.jpg?resize=768%2C512&amp;ssl=1 768w, https:\/\/i0.wp.com\/tb-place.com\/wp-content\/uploads\/2024\/04\/ristorante-le-colonnette-7.jpg?resize=120%2C80&amp;ssl=1 120w, https:\/\/i0.wp.com\/tb-place.com\/wp-content\/uploads\/2024\/04\/ristorante-le-colonnette-7.jpg?resize=394%2C263&amp;ssl=1 394w, https:\/\/i0.wp.com\/tb-place.com\/wp-content\/uploads\/2024\/04\/ristorante-le-colonnette-7.jpg?resize=915%2C610&amp;ssl=1 915w, https:\/\/i0.wp.com\/tb-place.com\/wp-content\/uploads\/2024\/04\/ristorante-le-colonnette-7.jpg?resize=60%2C40&amp;ssl=1 60w\" sizes=\"(max-width: 950px) 100vw, 950px\" \/>\t\t\t\t\t\t\t\t\t\t\t\t\t\t\t<\/div>\n\t\t\t\t<\/div>\n\t\t\t\t<div class=\"elementor-element elementor-element-176e2ac elementor-widget elementor-widget-image\" data-id=\"176e2ac\" data-element_type=\"widget\" data-widget_type=\"image.default\">\n\t\t\t\t<div class=\"elementor-widget-container\">\n\t\t\t\t\t\t\t\t\t\t\t\t\t\t\t<img decoding=\"async\" width=\"950\" height=\"633\" src=\"https:\/\/i0.wp.com\/tb-place.com\/wp-content\/uploads\/2024\/08\/tb-place-ristorante2.webp?fit=950%2C633&amp;ssl=1\" class=\"attachment-full size-full wp-image-2633\" alt=\"\" srcset=\"https:\/\/i0.wp.com\/tb-place.com\/wp-content\/uploads\/2024\/08\/tb-place-ristorante2.webp?w=950&amp;ssl=1 950w, https:\/\/i0.wp.com\/tb-place.com\/wp-content\/uploads\/2024\/08\/tb-place-ristorante2.webp?resize=300%2C200&amp;ssl=1 300w, https:\/\/i0.wp.com\/tb-place.com\/wp-content\/uploads\/2024\/08\/tb-place-ristorante2.webp?resize=768%2C512&amp;ssl=1 768w, https:\/\/i0.wp.com\/tb-place.com\/wp-content\/uploads\/2024\/08\/tb-place-ristorante2.webp?resize=120%2C80&amp;ssl=1 120w, https:\/\/i0.wp.com\/tb-place.com\/wp-content\/uploads\/2024\/08\/tb-place-ristorante2.webp?resize=394%2C263&amp;ssl=1 394w, https:\/\/i0.wp.com\/tb-place.com\/wp-content\/uploads\/2024\/08\/tb-place-ristorante2.webp?resize=915%2C610&amp;ssl=1 915w, https:\/\/i0.wp.com\/tb-place.com\/wp-content\/uploads\/2024\/08\/tb-place-ristorante2.webp?resize=60%2C40&amp;ssl=1 60w\" sizes=\"(max-width: 950px) 100vw, 950px\" \/>\t\t\t\t\t\t\t\t\t\t\t\t\t\t\t<\/div>\n\t\t\t\t<\/div>\n\t\t\t\t\t<\/div>\n\t\t<\/div>\n\t\t\t\t<div class=\"elementor-column elementor-col-33 elementor-top-column elementor-element elementor-element-a447cd2\" data-id=\"a447cd2\" data-element_type=\"column\">\n\t\t\t<div class=\"elementor-widget-wrap elementor-element-populated\">\n\t\t\t\t\t\t<div class=\"elementor-element elementor-element-fdc2a2b elementor-widget elementor-widget-image\" data-id=\"fdc2a2b\" data-element_type=\"widget\" data-widget_type=\"image.default\">\n\t\t\t\t<div class=\"elementor-widget-container\">\n\t\t\t\t\t\t\t\t\t\t\t\t\t\t\t<img data-recalc-dims=\"1\" decoding=\"async\" src=\"https:\/\/i0.wp.com\/tb-place.com\/wp-content\/uploads\/elementor\/thumbs\/Le_Colonnette_RGB-qmlh59nmqjem2w8g5of677h63yq3ngl4blafu67tog.jpg?w=1140&#038;ssl=1\" title=\"Le_Colonnette_RGB\" alt=\"Le_Colonnette_RGB\" loading=\"lazy\" \/>\t\t\t\t\t\t\t\t\t\t\t\t\t\t\t<\/div>\n\t\t\t\t<\/div>\n\t\t\t\t<div class=\"elementor-element elementor-element-4be8511 elementor-view-default elementor-position-top elementor-widget elementor-widget-themo-header\" data-id=\"4be8511\" data-element_type=\"widget\" data-widget_type=\"themo-header.default\">\n\t\t\t\t<div class=\"elementor-widget-container\">\n\t\t\t\t\t\t\t<div class=\"th-header-wrap\">\n        <div class=\"elementor-icon-box-wrapper \">\n                            <div class=\"elementor-icon-box-content\">\n                    <h6 class=\"elementor-icon-box-title\">\n                                            <\/h6>\n                                        <p class=\"elementor-icon-box-description\">La qualit\u00e9 et la s\u00e9lection des mati\u00e8res premi\u00e8res : le menu du chef Fabio Licheri<\/p>\n\n                                    <\/div>\n            <\/div>\n\n        <\/div>\n\n\t\t\t\t\t\t<\/div>\n\t\t\t\t<\/div>\n\t\t\t\t<div class=\"elementor-element elementor-element-9671567 elementor-widget elementor-widget-text-editor\" data-id=\"9671567\" data-element_type=\"widget\" data-widget_type=\"text-editor.default\">\n\t\t\t\t<div class=\"elementor-widget-container\">\n\t\t\t\t\t\t\t\t\t<p>\u00ab Ma cuisine est un m\u00e9lange de souvenirs d&rsquo;enfance et de traditions culinaires italiennes. La fra\u00eecheur du poisson de la c\u00f4te du Latium et les saveurs authentiques du terroir s&rsquo;unissent pour cr\u00e9er des plats d&rsquo;une simplicit\u00e9 raffin\u00e9e. \u00bb<\/p><p>Pour notre chef <strong>Fabio Licheri<\/strong>, chaque plat raconte une <strong>histoire de souvenirs, de traditions et de recherches<\/strong>.<\/p><p>Chaque jour, il s\u00e9lectionne avec soin les meilleurs ingr\u00e9dients, cr\u00e9ant ainsi une offre gastronomique qui c\u00e9l\u00e8bre <strong>la fra\u00eecheur de la mer et les couleurs vibrantes de la terre<\/strong>.<\/p>\t\t\t\t\t\t\t\t<\/div>\n\t\t\t\t<\/div>\n\t\t\t\t<div class=\"elementor-element elementor-element-9d9b8c3 elementor-view-default elementor-position-top elementor-widget elementor-widget-themo-header\" data-id=\"9d9b8c3\" data-element_type=\"widget\" data-widget_type=\"themo-header.default\">\n\t\t\t\t<div class=\"elementor-widget-container\">\n\t\t\t\t\t\t\t<div class=\"th-header-wrap\">\n        <div class=\"elementor-icon-box-wrapper \">\n                            <div class=\"elementor-icon-box-content\">\n                    <h6 class=\"elementor-icon-box-title\">\n                                            <\/h6>\n                                        <p class=\"elementor-icon-box-description\">Restaurant au centre de Rome<\/p>\n\n                                    <\/div>\n            <\/div>\n\n        <\/div>\n\n\t\t\t\t\t\t<\/div>\n\t\t\t\t<\/div>\n\t\t\t\t<div class=\"elementor-element elementor-element-a4591d6 elementor-widget elementor-widget-text-editor\" data-id=\"a4591d6\" data-element_type=\"widget\" data-widget_type=\"text-editor.default\">\n\t\t\t\t<div class=\"elementor-widget-container\">\n\t\t\t\t\t\t\t\t\t<p><strong>Le Colonnette<\/strong> se distingue non seulement par son design raffin\u00e9 et ses ingr\u00e9dients d&rsquo;exception, mais aussi par son emplacement privil\u00e9gi\u00e9. La<strong> Via Condotti, la Via Frattina et la Piazza di Spagna<\/strong> ne sont que quelques-uns des monuments embl\u00e9matiques de la Ville \u00c9ternelle, situ\u00e9s \u00e0 deux pas.<\/p><p>D\u00eener au c\u0153ur de Rome devient une exp\u00e9rience unique gr\u00e2ce \u00e0 des plats alliant saveurs et tradition dans un cadre exceptionnel. Pour l&rsquo;ap\u00e9ritif, notre rooftop au 5e \u00e9tage vous accueille pour un verre au coucher du soleil ou sous les \u00e9toiles, parmi les toits du centre historique de la capitale.<\/p>\t\t\t\t\t\t\t\t<\/div>\n\t\t\t\t<\/div>\n\t\t\t\t<div class=\"elementor-element elementor-element-6cfe097 elementor-widget elementor-widget-themo-button\" data-id=\"6cfe097\" data-element_type=\"widget\" data-widget_type=\"themo-button.default\">\n\t\t\t\t<div class=\"elementor-widget-container\">\n\t\t\t\t\t\n                \t\t\t<a class=\"btn-1 btn th-btn btn-standard-primary\" href=\"https:\/\/www.lecolonnette.com\/en\" target=\"_blank\">\n\t\t\t\t\t\t\t\t\tEn savoir plus\t\t\t\t\t\t\t<\/a>\n\t\t\n        \n\t\t\t\t\t\t<\/div>\n\t\t\t\t<\/div>\n\t\t\t\t\t<\/div>\n\t\t<\/div>\n\t\t\t\t\t<\/div>\n\t\t<\/section>\n\t\t<div class=\"elementor-element elementor-element-3cad163 e-con-full e-flex e-con e-parent\" data-id=\"3cad163\" data-element_type=\"container\">\n\t\t\t\t<div class=\"elementor-element elementor-element-fb156f4 elementor-arrows-position-inside elementor-pagination-position-outside elementor-widget elementor-widget-image-carousel\" data-id=\"fb156f4\" data-element_type=\"widget\" data-settings=\"{&quot;slides_to_show&quot;:&quot;4&quot;,&quot;navigation&quot;:&quot;both&quot;,&quot;autoplay&quot;:&quot;yes&quot;,&quot;pause_on_hover&quot;:&quot;yes&quot;,&quot;pause_on_interaction&quot;:&quot;yes&quot;,&quot;autoplay_speed&quot;:5000,&quot;infinite&quot;:&quot;yes&quot;,&quot;speed&quot;:500,&quot;image_spacing_custom&quot;:{&quot;unit&quot;:&quot;px&quot;,&quot;size&quot;:20,&quot;sizes&quot;:[]},&quot;image_spacing_custom_tablet&quot;:{&quot;unit&quot;:&quot;px&quot;,&quot;size&quot;:&quot;&quot;,&quot;sizes&quot;:[]},&quot;image_spacing_custom_mobile&quot;:{&quot;unit&quot;:&quot;px&quot;,&quot;size&quot;:&quot;&quot;,&quot;sizes&quot;:[]}}\" data-widget_type=\"image-carousel.default\">\n\t\t\t\t<div class=\"elementor-widget-container\">\n\t\t\t\t\t\t\t<div class=\"elementor-image-carousel-wrapper swiper\" role=\"region\" aria-roledescription=\"carousel\" aria-label=\"Carrousel d\u2019images\" dir=\"ltr\">\n\t\t\t<div class=\"elementor-image-carousel swiper-wrapper\" aria-live=\"off\">\n\t\t\t\t\t\t\t\t<div class=\"swiper-slide\" role=\"group\" aria-roledescription=\"slide\" aria-label=\"1 sur 8\"><figure class=\"swiper-slide-inner\"><img decoding=\"async\" class=\"swiper-slide-image\" src=\"https:\/\/i0.wp.com\/tb-place.com\/wp-content\/uploads\/2024\/04\/ristorante-le-colonnette-6.jpg?fit=950%2C633&amp;ssl=1\" alt=\"ristorante-le-colonnette-6\" \/><\/figure><\/div><div class=\"swiper-slide\" role=\"group\" aria-roledescription=\"slide\" aria-label=\"2 sur 8\"><figure class=\"swiper-slide-inner\"><img decoding=\"async\" class=\"swiper-slide-image\" src=\"https:\/\/i0.wp.com\/tb-place.com\/wp-content\/uploads\/2025\/06\/AlbertoBlasetti-DSCF2367.jpg?fit=950%2C633&amp;ssl=1\" alt=\"AlbertoBlasetti-DSCF2367\" \/><\/figure><\/div><div class=\"swiper-slide\" role=\"group\" aria-roledescription=\"slide\" aria-label=\"3 sur 8\"><figure class=\"swiper-slide-inner\"><img decoding=\"async\" class=\"swiper-slide-image\" src=\"https:\/\/i0.wp.com\/tb-place.com\/wp-content\/uploads\/2024\/04\/ristorante-le-colonnette-1.jpg?fit=950%2C633&amp;ssl=1\" alt=\"ristorante-le-colonnette-1\" \/><\/figure><\/div><div class=\"swiper-slide\" role=\"group\" aria-roledescription=\"slide\" aria-label=\"4 sur 8\"><figure class=\"swiper-slide-inner\"><img decoding=\"async\" class=\"swiper-slide-image\" src=\"https:\/\/i0.wp.com\/tb-place.com\/wp-content\/uploads\/2025\/06\/AlbertoBlasetti-DSCF2143.jpg?fit=950%2C633&amp;ssl=1\" alt=\"AlbertoBlasetti-DSCF2143\" \/><\/figure><\/div><div class=\"swiper-slide\" role=\"group\" aria-roledescription=\"slide\" aria-label=\"5 sur 8\"><figure class=\"swiper-slide-inner\"><img decoding=\"async\" class=\"swiper-slide-image\" src=\"https:\/\/i0.wp.com\/tb-place.com\/wp-content\/uploads\/2025\/06\/AlbertoBlasetti-DSCF2706-1.jpg?fit=950%2C633&amp;ssl=1\" alt=\"AlbertoBlasetti-DSCF2706\" \/><\/figure><\/div><div class=\"swiper-slide\" role=\"group\" aria-roledescription=\"slide\" aria-label=\"6 sur 8\"><figure class=\"swiper-slide-inner\"><img decoding=\"async\" class=\"swiper-slide-image\" src=\"https:\/\/i0.wp.com\/tb-place.com\/wp-content\/uploads\/2024\/08\/tb-place-ristorante-gallery2.webp?fit=650%2C433&amp;ssl=1\" alt=\"tb-place-ristorante-gallery2\" \/><\/figure><\/div><div class=\"swiper-slide\" role=\"group\" aria-roledescription=\"slide\" aria-label=\"7 sur 8\"><figure class=\"swiper-slide-inner\"><img decoding=\"async\" class=\"swiper-slide-image\" src=\"https:\/\/i0.wp.com\/tb-place.com\/wp-content\/uploads\/2024\/04\/ristorante-le-colonnette-5.jpg?fit=950%2C633&amp;ssl=1\" alt=\"ristorante-le-colonnette-5\" \/><\/figure><\/div><div class=\"swiper-slide\" role=\"group\" aria-roledescription=\"slide\" aria-label=\"8 sur 8\"><figure class=\"swiper-slide-inner\"><img decoding=\"async\" class=\"swiper-slide-image\" src=\"https:\/\/i0.wp.com\/tb-place.com\/wp-content\/uploads\/2025\/06\/AlbertoBlasetti-DSCF2166.jpg?fit=950%2C633&amp;ssl=1\" alt=\"AlbertoBlasetti-DSCF2166\" \/><\/figure><\/div>\t\t\t<\/div>\n\t\t\t\t\t\t\t\t\t\t\t\t<div class=\"elementor-swiper-button elementor-swiper-button-prev\" role=\"button\" tabindex=\"0\">\n\t\t\t\t\t\t<i aria-hidden=\"true\" class=\"eicon-chevron-left\"><\/i>\t\t\t\t\t<\/div>\n\t\t\t\t\t<div class=\"elementor-swiper-button elementor-swiper-button-next\" role=\"button\" tabindex=\"0\">\n\t\t\t\t\t\t<i aria-hidden=\"true\" class=\"eicon-chevron-right\"><\/i>\t\t\t\t\t<\/div>\n\t\t\t\t\n\t\t\t\t\t\t\t\t\t<div class=\"swiper-pagination\"><\/div>\n\t\t\t\t\t\t\t\t\t<\/div>\n\t\t\t\t\t\t<\/div>\n\t\t\t\t<\/div>\n\t\t\t\t<\/div>\n\t\t<div class=\"elementor-element elementor-element-90e9297 e-flex e-con-boxed e-con e-parent\" data-id=\"90e9297\" data-element_type=\"container\">\n\t\t\t\t\t<div class=\"e-con-inner\">\n\t\t\t\t<div class=\"elementor-element elementor-element-febc222 elementor-widget elementor-widget-spacer\" data-id=\"febc222\" data-element_type=\"widget\" data-widget_type=\"spacer.default\">\n\t\t\t\t<div class=\"elementor-widget-container\">\n\t\t\t\t\t\t\t<div class=\"elementor-spacer\">\n\t\t\t<div class=\"elementor-spacer-inner\"><\/div>\n\t\t<\/div>\n\t\t\t\t\t\t<\/div>\n\t\t\t\t<\/div>\n\t\t\t\t\t<\/div>\n\t\t\t\t<\/div>\n\t\t\t\t<\/div>\n\t\t","protected":false},"excerpt":{"rendered":"<p>La qualit\u00e9 et la s\u00e9lection des mati\u00e8res premi\u00e8res : le menu du chef Fabio Licheri \u00ab Ma cuisine est un m\u00e9lange de souvenirs d&rsquo;enfance et de traditions culinaires italiennes. La fra\u00eecheur du poisson de la c\u00f4te du Latium et les &hellip; <a href=\"https:\/\/tb-place.com\/fr\/restaurant\/\">Read More<\/a><\/p>\n","protected":false},"author":1,"featured_media":0,"parent":0,"menu_order":0,"comment_status":"closed","ping_status":"closed","template":"","meta":{"footnotes":""},"class_list":["post-2615","page","type-page","status-publish","hentry"],"yoast_head":"<!-- This site is optimized with the Yoast SEO plugin v26.6 - https:\/\/yoast.com\/wordpress\/plugins\/seo\/ -->\n<title>Restaurant - TB Place a Roma<\/title>\n<meta name=\"robots\" content=\"index, follow, max-snippet:-1, max-image-preview:large, max-video-preview:-1\" \/>\n<link rel=\"canonical\" href=\"https:\/\/tb-place.com\/fr\/restaurant\/\" \/>\n<meta property=\"og:locale\" content=\"fr_FR\" \/>\n<meta property=\"og:type\" content=\"article\" \/>\n<meta property=\"og:title\" content=\"Restaurant - TB Place a Roma\" \/>\n<meta property=\"og:description\" content=\"La qualit\u00e9 et la s\u00e9lection des mati\u00e8res premi\u00e8res : le menu du chef Fabio Licheri \u00ab Ma cuisine est un m\u00e9lange de souvenirs d&rsquo;enfance et de traditions culinaires italiennes. La fra\u00eecheur du poisson de la c\u00f4te du Latium et les &hellip; Read More\" \/>\n<meta property=\"og:url\" content=\"https:\/\/tb-place.com\/fr\/restaurant\/\" \/>\n<meta property=\"og:site_name\" content=\"TB Place a Roma\" \/>\n<meta property=\"article:modified_time\" content=\"2026-01-22T13:52:10+00:00\" \/>\n<meta property=\"og:image\" content=\"https:\/\/tb-place.com\/wp-content\/uploads\/2024\/04\/ristorante-le-colonnette-7.jpg\" \/>\n<meta name=\"twitter:card\" content=\"summary_large_image\" \/>\n<meta name=\"twitter:label1\" content=\"Dur\u00e9e de lecture estim\u00e9e\" \/>\n\t<meta name=\"twitter:data1\" content=\"5 minutes\" \/>\n<script type=\"application\/ld+json\" class=\"yoast-schema-graph\">{\"@context\":\"https:\/\/schema.org\",\"@graph\":[{\"@type\":\"WebPage\",\"@id\":\"https:\/\/tb-place.com\/fr\/restaurant\/\",\"url\":\"https:\/\/tb-place.com\/fr\/restaurant\/\",\"name\":\"Restaurant - TB Place a Roma\",\"isPartOf\":{\"@id\":\"https:\/\/tb-place.com\/fr\/#website\"},\"primaryImageOfPage\":{\"@id\":\"https:\/\/tb-place.com\/fr\/restaurant\/#primaryimage\"},\"image\":{\"@id\":\"https:\/\/tb-place.com\/fr\/restaurant\/#primaryimage\"},\"thumbnailUrl\":\"https:\/\/tb-place.com\/wp-content\/uploads\/2024\/04\/ristorante-le-colonnette-7.jpg\",\"datePublished\":\"2024-04-16T12:41:28+00:00\",\"dateModified\":\"2026-01-22T13:52:10+00:00\",\"breadcrumb\":{\"@id\":\"https:\/\/tb-place.com\/fr\/restaurant\/#breadcrumb\"},\"inLanguage\":\"fr-FR\",\"potentialAction\":[{\"@type\":\"ReadAction\",\"target\":[\"https:\/\/tb-place.com\/fr\/restaurant\/\"]}]},{\"@type\":\"ImageObject\",\"inLanguage\":\"fr-FR\",\"@id\":\"https:\/\/tb-place.com\/fr\/restaurant\/#primaryimage\",\"url\":\"https:\/\/tb-place.com\/wp-content\/uploads\/2024\/04\/ristorante-le-colonnette-7.jpg\",\"contentUrl\":\"https:\/\/tb-place.com\/wp-content\/uploads\/2024\/04\/ristorante-le-colonnette-7.jpg\"},{\"@type\":\"BreadcrumbList\",\"@id\":\"https:\/\/tb-place.com\/fr\/restaurant\/#breadcrumb\",\"itemListElement\":[{\"@type\":\"ListItem\",\"position\":1,\"name\":\"Home\",\"item\":\"https:\/\/tb-place.com\/fr\/\"},{\"@type\":\"ListItem\",\"position\":2,\"name\":\"Restaurant\"}]},{\"@type\":\"WebSite\",\"@id\":\"https:\/\/tb-place.com\/fr\/#website\",\"url\":\"https:\/\/tb-place.com\/fr\/\",\"name\":\"TB Place a Roma\",\"description\":\"Eleganza e Comfort nel Cuore di Roma\",\"publisher\":{\"@id\":\"https:\/\/tb-place.com\/fr\/#organization\"},\"potentialAction\":[{\"@type\":\"SearchAction\",\"target\":{\"@type\":\"EntryPoint\",\"urlTemplate\":\"https:\/\/tb-place.com\/fr\/?s={search_term_string}\"},\"query-input\":{\"@type\":\"PropertyValueSpecification\",\"valueRequired\":true,\"valueName\":\"search_term_string\"}}],\"inLanguage\":\"fr-FR\"},{\"@type\":\"Organization\",\"@id\":\"https:\/\/tb-place.com\/fr\/#organization\",\"name\":\"TB Place a Roma\",\"url\":\"https:\/\/tb-place.com\/fr\/\",\"logo\":{\"@type\":\"ImageObject\",\"inLanguage\":\"fr-FR\",\"@id\":\"https:\/\/tb-place.com\/fr\/#\/schema\/logo\/image\/\",\"url\":\"https:\/\/i0.wp.com\/tb-place.com\/wp-content\/uploads\/2024\/04\/TBplace_orizzontale_RGB.png?fit=299%2C100&ssl=1\",\"contentUrl\":\"https:\/\/i0.wp.com\/tb-place.com\/wp-content\/uploads\/2024\/04\/TBplace_orizzontale_RGB.png?fit=299%2C100&ssl=1\",\"width\":299,\"height\":100,\"caption\":\"TB Place a Roma\"},\"image\":{\"@id\":\"https:\/\/tb-place.com\/fr\/#\/schema\/logo\/image\/\"}}]}<\/script>\n<!-- \/ Yoast SEO plugin. -->","yoast_head_json":{"title":"Restaurant - TB Place a Roma","robots":{"index":"index","follow":"follow","max-snippet":"max-snippet:-1","max-image-preview":"max-image-preview:large","max-video-preview":"max-video-preview:-1"},"canonical":"https:\/\/tb-place.com\/fr\/restaurant\/","og_locale":"fr_FR","og_type":"article","og_title":"Restaurant - TB Place a Roma","og_description":"La qualit\u00e9 et la s\u00e9lection des mati\u00e8res premi\u00e8res : le menu du chef Fabio Licheri \u00ab Ma cuisine est un m\u00e9lange de souvenirs d&rsquo;enfance et de traditions culinaires italiennes. La fra\u00eecheur du poisson de la c\u00f4te du Latium et les &hellip; Read More","og_url":"https:\/\/tb-place.com\/fr\/restaurant\/","og_site_name":"TB Place a Roma","article_modified_time":"2026-01-22T13:52:10+00:00","og_image":[{"url":"https:\/\/tb-place.com\/wp-content\/uploads\/2024\/04\/ristorante-le-colonnette-7.jpg","type":"","width":"","height":""}],"twitter_card":"summary_large_image","twitter_misc":{"Dur\u00e9e de lecture estim\u00e9e":"5 minutes"},"schema":{"@context":"https:\/\/schema.org","@graph":[{"@type":"WebPage","@id":"https:\/\/tb-place.com\/fr\/restaurant\/","url":"https:\/\/tb-place.com\/fr\/restaurant\/","name":"Restaurant - TB Place a Roma","isPartOf":{"@id":"https:\/\/tb-place.com\/fr\/#website"},"primaryImageOfPage":{"@id":"https:\/\/tb-place.com\/fr\/restaurant\/#primaryimage"},"image":{"@id":"https:\/\/tb-place.com\/fr\/restaurant\/#primaryimage"},"thumbnailUrl":"https:\/\/tb-place.com\/wp-content\/uploads\/2024\/04\/ristorante-le-colonnette-7.jpg","datePublished":"2024-04-16T12:41:28+00:00","dateModified":"2026-01-22T13:52:10+00:00","breadcrumb":{"@id":"https:\/\/tb-place.com\/fr\/restaurant\/#breadcrumb"},"inLanguage":"fr-FR","potentialAction":[{"@type":"ReadAction","target":["https:\/\/tb-place.com\/fr\/restaurant\/"]}]},{"@type":"ImageObject","inLanguage":"fr-FR","@id":"https:\/\/tb-place.com\/fr\/restaurant\/#primaryimage","url":"https:\/\/tb-place.com\/wp-content\/uploads\/2024\/04\/ristorante-le-colonnette-7.jpg","contentUrl":"https:\/\/tb-place.com\/wp-content\/uploads\/2024\/04\/ristorante-le-colonnette-7.jpg"},{"@type":"BreadcrumbList","@id":"https:\/\/tb-place.com\/fr\/restaurant\/#breadcrumb","itemListElement":[{"@type":"ListItem","position":1,"name":"Home","item":"https:\/\/tb-place.com\/fr\/"},{"@type":"ListItem","position":2,"name":"Restaurant"}]},{"@type":"WebSite","@id":"https:\/\/tb-place.com\/fr\/#website","url":"https:\/\/tb-place.com\/fr\/","name":"TB Place a Roma","description":"Eleganza e Comfort nel Cuore di Roma","publisher":{"@id":"https:\/\/tb-place.com\/fr\/#organization"},"potentialAction":[{"@type":"SearchAction","target":{"@type":"EntryPoint","urlTemplate":"https:\/\/tb-place.com\/fr\/?s={search_term_string}"},"query-input":{"@type":"PropertyValueSpecification","valueRequired":true,"valueName":"search_term_string"}}],"inLanguage":"fr-FR"},{"@type":"Organization","@id":"https:\/\/tb-place.com\/fr\/#organization","name":"TB Place a Roma","url":"https:\/\/tb-place.com\/fr\/","logo":{"@type":"ImageObject","inLanguage":"fr-FR","@id":"https:\/\/tb-place.com\/fr\/#\/schema\/logo\/image\/","url":"https:\/\/i0.wp.com\/tb-place.com\/wp-content\/uploads\/2024\/04\/TBplace_orizzontale_RGB.png?fit=299%2C100&ssl=1","contentUrl":"https:\/\/i0.wp.com\/tb-place.com\/wp-content\/uploads\/2024\/04\/TBplace_orizzontale_RGB.png?fit=299%2C100&ssl=1","width":299,"height":100,"caption":"TB Place a Roma"},"image":{"@id":"https:\/\/tb-place.com\/fr\/#\/schema\/logo\/image\/"}}]}},"jetpack_sharing_enabled":true,"_links":{"self":[{"href":"https:\/\/tb-place.com\/fr\/wp-json\/wp\/v2\/pages\/2615","targetHints":{"allow":["GET"]}}],"collection":[{"href":"https:\/\/tb-place.com\/fr\/wp-json\/wp\/v2\/pages"}],"about":[{"href":"https:\/\/tb-place.com\/fr\/wp-json\/wp\/v2\/types\/page"}],"author":[{"embeddable":true,"href":"https:\/\/tb-place.com\/fr\/wp-json\/wp\/v2\/users\/1"}],"replies":[{"embeddable":true,"href":"https:\/\/tb-place.com\/fr\/wp-json\/wp\/v2\/comments?post=2615"}],"version-history":[{"count":22,"href":"https:\/\/tb-place.com\/fr\/wp-json\/wp\/v2\/pages\/2615\/revisions"}],"predecessor-version":[{"id":7152,"href":"https:\/\/tb-place.com\/fr\/wp-json\/wp\/v2\/pages\/2615\/revisions\/7152"}],"wp:attachment":[{"href":"https:\/\/tb-place.com\/fr\/wp-json\/wp\/v2\/media?parent=2615"}],"curies":[{"name":"wp","href":"https:\/\/api.w.org\/{rel}","templated":true}]}}