{"id":5072,"date":"2025-04-15T21:14:02","date_gmt":"2025-04-15T21:14:02","guid":{"rendered":"https:\/\/tb-place.com\/camere-suite\/"},"modified":"2025-06-06T09:27:49","modified_gmt":"2025-06-06T09:27:49","slug":"chambres-et-suites","status":"publish","type":"page","link":"https:\/\/tb-place.com\/fr\/chambres-et-suites\/","title":{"rendered":"Chambres et Suites"},"content":{"rendered":"\t\t<div data-elementor-type=\"wp-page\" data-elementor-id=\"5072\" class=\"elementor elementor-5072 elementor-4715\" data-elementor-post-type=\"page\">\n\t\t\t\t\t\t<section class=\"elementor-section elementor-top-section elementor-element elementor-element-c80473a elementor-section-full_width elementor-section-height-min-height elementor-section-height-default elementor-section-items-middle\" data-id=\"c80473a\" data-element_type=\"section\" data-settings=\"{&quot;background_background&quot;:&quot;classic&quot;}\">\n\t\t\t\t\t\t\t<div class=\"elementor-background-overlay\"><\/div>\n\t\t\t\t\t\t\t<div class=\"elementor-container elementor-column-gap-default\">\n\t\t\t\t\t<div class=\"elementor-column elementor-col-100 elementor-top-column elementor-element elementor-element-d987ef9\" data-id=\"d987ef9\" data-element_type=\"column\">\n\t\t\t<div class=\"elementor-widget-wrap elementor-element-populated\">\n\t\t\t\t\t\t<div class=\"elementor-element elementor-element-3e3aebf elementor-widget elementor-widget-spacer\" data-id=\"3e3aebf\" data-element_type=\"widget\" data-widget_type=\"spacer.default\">\n\t\t\t\t<div class=\"elementor-widget-container\">\n\t\t\t\t\t\t\t<div class=\"elementor-spacer\">\n\t\t\t<div class=\"elementor-spacer-inner\"><\/div>\n\t\t<\/div>\n\t\t\t\t\t\t<\/div>\n\t\t\t\t<\/div>\n\t\t\t\t\t<\/div>\n\t\t<\/div>\n\t\t\t\t\t<\/div>\n\t\t<\/section>\n\t\t<div class=\"elementor-element elementor-element-546d440 e-con-full e-flex e-con e-parent\" data-id=\"546d440\" data-element_type=\"container\">\n\t\t\t\t<div class=\"elementor-element elementor-element-c5b8e2b elementor-widget elementor-widget-template\" data-id=\"c5b8e2b\" data-element_type=\"widget\" data-widget_type=\"template.default\">\n\t\t\t\t<div class=\"elementor-widget-container\">\n\t\t\t\t\t\t\t<div class=\"elementor-template\">\n\t\t\t\t\t<div data-elementor-type=\"section\" data-elementor-id=\"5249\" class=\"elementor elementor-5249 elementor-5127\" data-elementor-post-type=\"elementor_library\">\n\t\t\t\t\t<section class=\"elementor-section elementor-top-section elementor-element elementor-element-5b40ec0 elementor-section-full_width elementor-section-content-middle elementor-section-height-default elementor-section-height-default\" data-id=\"5b40ec0\" data-element_type=\"section\">\n\t\t\t\t\t\t<div class=\"elementor-container elementor-column-gap-default\">\n\t\t\t\t\t<div class=\"elementor-column elementor-col-66 elementor-top-column elementor-element elementor-element-449fcddf\" data-id=\"449fcddf\" data-element_type=\"column\">\n\t\t\t<div class=\"elementor-widget-wrap elementor-element-populated\">\n\t\t\t\t\t\t<div class=\"elementor-element elementor-element-573e1ec0 elementor-widget elementor-widget-image\" data-id=\"573e1ec0\" data-element_type=\"widget\" data-widget_type=\"image.default\">\n\t\t\t\t<div class=\"elementor-widget-container\">\n\t\t\t\t\t\t\t\t\t\t\t\t\t\t\t<img fetchpriority=\"high\" decoding=\"async\" width=\"1400\" height=\"933\" src=\"https:\/\/i0.wp.com\/tb-place.com\/wp-content\/uploads\/2024\/04\/TB-PLACE-DELUXE-RED-ROOM-1_BIG.jpg?fit=1400%2C933&amp;ssl=1\" class=\"attachment-full size-full wp-image-2734\" alt=\"\" srcset=\"https:\/\/i0.wp.com\/tb-place.com\/wp-content\/uploads\/2024\/04\/TB-PLACE-DELUXE-RED-ROOM-1_BIG.jpg?w=1400&amp;ssl=1 1400w, https:\/\/i0.wp.com\/tb-place.com\/wp-content\/uploads\/2024\/04\/TB-PLACE-DELUXE-RED-ROOM-1_BIG.jpg?resize=300%2C200&amp;ssl=1 300w, https:\/\/i0.wp.com\/tb-place.com\/wp-content\/uploads\/2024\/04\/TB-PLACE-DELUXE-RED-ROOM-1_BIG.jpg?resize=1024%2C682&amp;ssl=1 1024w, https:\/\/i0.wp.com\/tb-place.com\/wp-content\/uploads\/2024\/04\/TB-PLACE-DELUXE-RED-ROOM-1_BIG.jpg?resize=768%2C512&amp;ssl=1 768w, https:\/\/i0.wp.com\/tb-place.com\/wp-content\/uploads\/2024\/04\/TB-PLACE-DELUXE-RED-ROOM-1_BIG.jpg?resize=120%2C80&amp;ssl=1 120w, https:\/\/i0.wp.com\/tb-place.com\/wp-content\/uploads\/2024\/04\/TB-PLACE-DELUXE-RED-ROOM-1_BIG.jpg?resize=394%2C263&amp;ssl=1 394w, https:\/\/i0.wp.com\/tb-place.com\/wp-content\/uploads\/2024\/04\/TB-PLACE-DELUXE-RED-ROOM-1_BIG.jpg?resize=915%2C610&amp;ssl=1 915w, https:\/\/i0.wp.com\/tb-place.com\/wp-content\/uploads\/2024\/04\/TB-PLACE-DELUXE-RED-ROOM-1_BIG.jpg?resize=1240%2C826&amp;ssl=1 1240w, https:\/\/i0.wp.com\/tb-place.com\/wp-content\/uploads\/2024\/04\/TB-PLACE-DELUXE-RED-ROOM-1_BIG.jpg?resize=60%2C40&amp;ssl=1 60w\" sizes=\"(max-width: 1140px) 100vw, 1140px\" \/>\t\t\t\t\t\t\t\t\t\t\t\t\t\t\t<\/div>\n\t\t\t\t<\/div>\n\t\t\t\t\t<\/div>\n\t\t<\/div>\n\t\t\t\t<div class=\"elementor-column elementor-col-33 elementor-top-column elementor-element elementor-element-34dc2ce7\" data-id=\"34dc2ce7\" data-element_type=\"column\">\n\t\t\t<div class=\"elementor-widget-wrap elementor-element-populated\">\n\t\t\t\t\t\t<div class=\"elementor-element elementor-element-75336794 elementor-view-default elementor-position-top elementor-widget elementor-widget-themo-header\" data-id=\"75336794\" data-element_type=\"widget\" data-widget_type=\"themo-header.default\">\n\t\t\t\t<div class=\"elementor-widget-container\">\n\t\t\t\t\t\t\t<div class=\"th-header-wrap\">\n        <div class=\"elementor-icon-box-wrapper \">\n                            <div class=\"elementor-icon-box-content\">\n                    <h2 class=\"elementor-icon-box-title\">\n                        Chambres                    <\/h2>\n                                            <span class=\"th-header-divider\"><\/span>\n                                        <p class=\"elementor-icon-box-description\"><\/p>\n\n                                    <\/div>\n            <\/div>\n\n        <\/div>\n\n\t\t\t\t\t\t<\/div>\n\t\t\t\t<\/div>\n\t\t\t\t<div class=\"elementor-element elementor-element-cf9302b elementor-widget elementor-widget-text-editor\" data-id=\"cf9302b\" data-element_type=\"widget\" data-widget_type=\"text-editor.default\">\n\t\t\t\t<div class=\"elementor-widget-container\">\n\t\t\t\t\t\t\t\t\t<p>Que vous soyez un passionn\u00e9 d\u2019art, un amoureux du vintage ou un r\u00eaveur boh\u00e8me, chez <strong>TB Place<\/strong> vous trouverez votre chambre parfaite, o\u00f9 le style et l\u2019attention port\u00e9e aux d\u00e9tails vous feront vivre une exp\u00e9rience intemporelle.<\/p>\t\t\t\t\t\t\t\t<\/div>\n\t\t\t\t<\/div>\n\t\t\t\t<div class=\"elementor-element elementor-element-1b57006e elementor-widget elementor-widget-button\" data-id=\"1b57006e\" data-element_type=\"widget\" data-widget_type=\"button.default\">\n\t\t\t\t<div class=\"elementor-widget-container\">\n\t\t\t\t\t\t\t\t\t<div class=\"elementor-button-wrapper\">\n\t\t\t\t\t<a class=\"elementor-button elementor-button-link elementor-size-sm\" href=\"https:\/\/tb-place.com\/fr\/chambres\/\">\n\t\t\t\t\t\t<span class=\"elementor-button-content-wrapper\">\n\t\t\t\t\t\t\t\t\t<span class=\"elementor-button-text\">D\u00e9couvrez les chambres<\/span>\n\t\t\t\t\t<\/span>\n\t\t\t\t\t<\/a>\n\t\t\t\t<\/div>\n\t\t\t\t\t\t\t\t<\/div>\n\t\t\t\t<\/div>\n\t\t\t\t\t<\/div>\n\t\t<\/div>\n\t\t\t\t\t<\/div>\n\t\t<\/section>\n\t\t\t\t<section class=\"elementor-section elementor-top-section elementor-element elementor-element-9882cc5 elementor-section-full_width elementor-section-content-middle elementor-reverse-mobile elementor-section-height-default elementor-section-height-default\" data-id=\"9882cc5\" data-element_type=\"section\">\n\t\t\t\t\t\t<div class=\"elementor-container elementor-column-gap-default\">\n\t\t\t\t\t<div class=\"elementor-column elementor-col-33 elementor-top-column elementor-element elementor-element-cf07394\" data-id=\"cf07394\" data-element_type=\"column\">\n\t\t\t<div class=\"elementor-widget-wrap elementor-element-populated\">\n\t\t\t\t\t\t<div class=\"elementor-element elementor-element-01d14ea elementor-view-default elementor-position-top elementor-widget elementor-widget-themo-header\" data-id=\"01d14ea\" data-element_type=\"widget\" data-widget_type=\"themo-header.default\">\n\t\t\t\t<div class=\"elementor-widget-container\">\n\t\t\t\t\t\t\t<div class=\"th-header-wrap\">\n        <div class=\"elementor-icon-box-wrapper \">\n                            <div class=\"elementor-icon-box-content\">\n                    <h2 class=\"elementor-icon-box-title\">\n                        Suite                    <\/h2>\n                                            <span class=\"th-header-divider\"><\/span>\n                                        <p class=\"elementor-icon-box-description\"><\/p>\n\n                                    <\/div>\n            <\/div>\n\n        <\/div>\n\n\t\t\t\t\t\t<\/div>\n\t\t\t\t<\/div>\n\t\t\t\t<div class=\"elementor-element elementor-element-8fe78d7 elementor-widget elementor-widget-text-editor\" data-id=\"8fe78d7\" data-element_type=\"widget\" data-widget_type=\"text-editor.default\">\n\t\t\t\t<div class=\"elementor-widget-container\">\n\t\t\t\t\t\t\t\t\t<p>Nos suites au <strong>TB Place<\/strong> sont con\u00e7ues pour ceux qui souhaitent un s\u00e9jour exclusif, immerg\u00e9 dans l&rsquo;\u00e9l\u00e9gance et le confort. Chaque espace allie raffinement et design, avec un mobilier raffin\u00e9 et une attention aux d\u00e9tails pour cr\u00e9er une atmosph\u00e8re unique.<br \/>Une exp\u00e9rience immersive, o\u00f9 luxe et intimit\u00e9 se m\u00ealent pour rendre chaque instant inoubliable.<\/p>\t\t\t\t\t\t\t\t<\/div>\n\t\t\t\t<\/div>\n\t\t\t\t<div class=\"elementor-element elementor-element-dde1613 elementor-widget elementor-widget-button\" data-id=\"dde1613\" data-element_type=\"widget\" data-widget_type=\"button.default\">\n\t\t\t\t<div class=\"elementor-widget-container\">\n\t\t\t\t\t\t\t\t\t<div class=\"elementor-button-wrapper\">\n\t\t\t\t\t<a class=\"elementor-button elementor-button-link elementor-size-sm\" href=\"https:\/\/tb-place.com\/fr\/suite\/\">\n\t\t\t\t\t\t<span class=\"elementor-button-content-wrapper\">\n\t\t\t\t\t\t\t\t\t<span class=\"elementor-button-text\">D\u00e9couvrez les suites<\/span>\n\t\t\t\t\t<\/span>\n\t\t\t\t\t<\/a>\n\t\t\t\t<\/div>\n\t\t\t\t\t\t\t\t<\/div>\n\t\t\t\t<\/div>\n\t\t\t\t\t<\/div>\n\t\t<\/div>\n\t\t\t\t<div class=\"elementor-column elementor-col-66 elementor-top-column elementor-element elementor-element-532f172\" data-id=\"532f172\" data-element_type=\"column\">\n\t\t\t<div class=\"elementor-widget-wrap elementor-element-populated\">\n\t\t\t\t\t\t<div class=\"elementor-element elementor-element-ebe9a4c elementor-widget elementor-widget-image\" data-id=\"ebe9a4c\" data-element_type=\"widget\" data-widget_type=\"image.default\">\n\t\t\t\t<div class=\"elementor-widget-container\">\n\t\t\t\t\t\t\t\t\t\t\t\t\t\t\t<img decoding=\"async\" width=\"1920\" height=\"1280\" src=\"https:\/\/i0.wp.com\/tb-place.com\/wp-content\/uploads\/2024\/04\/D-27201.jpg?fit=1920%2C1280&amp;ssl=1\" class=\"attachment-full size-full wp-image-2829\" alt=\"\" srcset=\"https:\/\/i0.wp.com\/tb-place.com\/wp-content\/uploads\/2024\/04\/D-27201.jpg?w=1920&amp;ssl=1 1920w, https:\/\/i0.wp.com\/tb-place.com\/wp-content\/uploads\/2024\/04\/D-27201.jpg?resize=300%2C200&amp;ssl=1 300w, https:\/\/i0.wp.com\/tb-place.com\/wp-content\/uploads\/2024\/04\/D-27201.jpg?resize=1024%2C683&amp;ssl=1 1024w, https:\/\/i0.wp.com\/tb-place.com\/wp-content\/uploads\/2024\/04\/D-27201.jpg?resize=768%2C512&amp;ssl=1 768w, https:\/\/i0.wp.com\/tb-place.com\/wp-content\/uploads\/2024\/04\/D-27201.jpg?resize=1536%2C1024&amp;ssl=1 1536w, https:\/\/i0.wp.com\/tb-place.com\/wp-content\/uploads\/2024\/04\/D-27201.jpg?resize=120%2C80&amp;ssl=1 120w, https:\/\/i0.wp.com\/tb-place.com\/wp-content\/uploads\/2024\/04\/D-27201.jpg?resize=394%2C263&amp;ssl=1 394w, https:\/\/i0.wp.com\/tb-place.com\/wp-content\/uploads\/2024\/04\/D-27201.jpg?resize=915%2C610&amp;ssl=1 915w, https:\/\/i0.wp.com\/tb-place.com\/wp-content\/uploads\/2024\/04\/D-27201.jpg?resize=1240%2C827&amp;ssl=1 1240w, https:\/\/i0.wp.com\/tb-place.com\/wp-content\/uploads\/2024\/04\/D-27201.jpg?resize=1620%2C1080&amp;ssl=1 1620w, https:\/\/i0.wp.com\/tb-place.com\/wp-content\/uploads\/2024\/04\/D-27201.jpg?resize=60%2C40&amp;ssl=1 60w\" sizes=\"(max-width: 1140px) 100vw, 1140px\" \/>\t\t\t\t\t\t\t\t\t\t\t\t\t\t\t<\/div>\n\t\t\t\t<\/div>\n\t\t\t\t\t<\/div>\n\t\t<\/div>\n\t\t\t\t\t<\/div>\n\t\t<\/section>\n\t\t\t\t<\/div>\n\t\t\t\t<\/div>\n\t\t\t\t\t\t<\/div>\n\t\t\t\t<\/div>\n\t\t\t\t<\/div>\n\t\t\t\t<\/div>\n\t\t","protected":false},"excerpt":{"rendered":"","protected":false},"author":1,"featured_media":0,"parent":0,"menu_order":0,"comment_status":"closed","ping_status":"closed","template":"","meta":{"footnotes":""},"class_list":["post-5072","page","type-page","status-publish","hentry"],"yoast_head":"<!-- This site is optimized with the Yoast SEO plugin v26.6 - https:\/\/yoast.com\/wordpress\/plugins\/seo\/ -->\n<title>Chambres et Suites - TB Place a Roma<\/title>\n<meta name=\"robots\" content=\"index, follow, max-snippet:-1, max-image-preview:large, max-video-preview:-1\" \/>\n<link rel=\"canonical\" href=\"https:\/\/tb-place.com\/fr\/chambres-et-suites\/\" \/>\n<meta property=\"og:locale\" content=\"fr_FR\" \/>\n<meta property=\"og:type\" content=\"article\" \/>\n<meta property=\"og:title\" content=\"Chambres et Suites - TB Place a Roma\" \/>\n<meta property=\"og:url\" content=\"https:\/\/tb-place.com\/fr\/chambres-et-suites\/\" \/>\n<meta property=\"og:site_name\" content=\"TB Place a Roma\" \/>\n<meta property=\"article:modified_time\" content=\"2025-06-06T09:27:49+00:00\" \/>\n<meta name=\"twitter:card\" content=\"summary_large_image\" \/>\n<meta name=\"twitter:label1\" content=\"Dur\u00e9e de lecture estim\u00e9e\" \/>\n\t<meta name=\"twitter:data1\" content=\"2 minutes\" \/>\n<script type=\"application\/ld+json\" class=\"yoast-schema-graph\">{\"@context\":\"https:\/\/schema.org\",\"@graph\":[{\"@type\":\"WebPage\",\"@id\":\"https:\/\/tb-place.com\/fr\/chambres-et-suites\/\",\"url\":\"https:\/\/tb-place.com\/fr\/chambres-et-suites\/\",\"name\":\"Chambres et Suites - TB Place a Roma\",\"isPartOf\":{\"@id\":\"https:\/\/tb-place.com\/fr\/#website\"},\"datePublished\":\"2025-04-15T21:14:02+00:00\",\"dateModified\":\"2025-06-06T09:27:49+00:00\",\"breadcrumb\":{\"@id\":\"https:\/\/tb-place.com\/fr\/chambres-et-suites\/#breadcrumb\"},\"inLanguage\":\"fr-FR\",\"potentialAction\":[{\"@type\":\"ReadAction\",\"target\":[\"https:\/\/tb-place.com\/fr\/chambres-et-suites\/\"]}]},{\"@type\":\"BreadcrumbList\",\"@id\":\"https:\/\/tb-place.com\/fr\/chambres-et-suites\/#breadcrumb\",\"itemListElement\":[{\"@type\":\"ListItem\",\"position\":1,\"name\":\"Home\",\"item\":\"https:\/\/tb-place.com\/fr\/\"},{\"@type\":\"ListItem\",\"position\":2,\"name\":\"Chambres et Suites\"}]},{\"@type\":\"WebSite\",\"@id\":\"https:\/\/tb-place.com\/fr\/#website\",\"url\":\"https:\/\/tb-place.com\/fr\/\",\"name\":\"TB Place a Roma\",\"description\":\"Eleganza e Comfort nel Cuore di Roma\",\"publisher\":{\"@id\":\"https:\/\/tb-place.com\/fr\/#organization\"},\"potentialAction\":[{\"@type\":\"SearchAction\",\"target\":{\"@type\":\"EntryPoint\",\"urlTemplate\":\"https:\/\/tb-place.com\/fr\/?s={search_term_string}\"},\"query-input\":{\"@type\":\"PropertyValueSpecification\",\"valueRequired\":true,\"valueName\":\"search_term_string\"}}],\"inLanguage\":\"fr-FR\"},{\"@type\":\"Organization\",\"@id\":\"https:\/\/tb-place.com\/fr\/#organization\",\"name\":\"TB Place a Roma\",\"url\":\"https:\/\/tb-place.com\/fr\/\",\"logo\":{\"@type\":\"ImageObject\",\"inLanguage\":\"fr-FR\",\"@id\":\"https:\/\/tb-place.com\/fr\/#\/schema\/logo\/image\/\",\"url\":\"https:\/\/i0.wp.com\/tb-place.com\/wp-content\/uploads\/2024\/04\/TBplace_orizzontale_RGB.png?fit=299%2C100&ssl=1\",\"contentUrl\":\"https:\/\/i0.wp.com\/tb-place.com\/wp-content\/uploads\/2024\/04\/TBplace_orizzontale_RGB.png?fit=299%2C100&ssl=1\",\"width\":299,\"height\":100,\"caption\":\"TB Place a Roma\"},\"image\":{\"@id\":\"https:\/\/tb-place.com\/fr\/#\/schema\/logo\/image\/\"}}]}<\/script>\n<!-- \/ Yoast SEO plugin. -->","yoast_head_json":{"title":"Chambres et Suites - TB Place a Roma","robots":{"index":"index","follow":"follow","max-snippet":"max-snippet:-1","max-image-preview":"max-image-preview:large","max-video-preview":"max-video-preview:-1"},"canonical":"https:\/\/tb-place.com\/fr\/chambres-et-suites\/","og_locale":"fr_FR","og_type":"article","og_title":"Chambres et Suites - TB Place a Roma","og_url":"https:\/\/tb-place.com\/fr\/chambres-et-suites\/","og_site_name":"TB Place a Roma","article_modified_time":"2025-06-06T09:27:49+00:00","twitter_card":"summary_large_image","twitter_misc":{"Dur\u00e9e de lecture estim\u00e9e":"2 minutes"},"schema":{"@context":"https:\/\/schema.org","@graph":[{"@type":"WebPage","@id":"https:\/\/tb-place.com\/fr\/chambres-et-suites\/","url":"https:\/\/tb-place.com\/fr\/chambres-et-suites\/","name":"Chambres et Suites - TB Place a Roma","isPartOf":{"@id":"https:\/\/tb-place.com\/fr\/#website"},"datePublished":"2025-04-15T21:14:02+00:00","dateModified":"2025-06-06T09:27:49+00:00","breadcrumb":{"@id":"https:\/\/tb-place.com\/fr\/chambres-et-suites\/#breadcrumb"},"inLanguage":"fr-FR","potentialAction":[{"@type":"ReadAction","target":["https:\/\/tb-place.com\/fr\/chambres-et-suites\/"]}]},{"@type":"BreadcrumbList","@id":"https:\/\/tb-place.com\/fr\/chambres-et-suites\/#breadcrumb","itemListElement":[{"@type":"ListItem","position":1,"name":"Home","item":"https:\/\/tb-place.com\/fr\/"},{"@type":"ListItem","position":2,"name":"Chambres et Suites"}]},{"@type":"WebSite","@id":"https:\/\/tb-place.com\/fr\/#website","url":"https:\/\/tb-place.com\/fr\/","name":"TB Place a Roma","description":"Eleganza e Comfort nel Cuore di Roma","publisher":{"@id":"https:\/\/tb-place.com\/fr\/#organization"},"potentialAction":[{"@type":"SearchAction","target":{"@type":"EntryPoint","urlTemplate":"https:\/\/tb-place.com\/fr\/?s={search_term_string}"},"query-input":{"@type":"PropertyValueSpecification","valueRequired":true,"valueName":"search_term_string"}}],"inLanguage":"fr-FR"},{"@type":"Organization","@id":"https:\/\/tb-place.com\/fr\/#organization","name":"TB Place a Roma","url":"https:\/\/tb-place.com\/fr\/","logo":{"@type":"ImageObject","inLanguage":"fr-FR","@id":"https:\/\/tb-place.com\/fr\/#\/schema\/logo\/image\/","url":"https:\/\/i0.wp.com\/tb-place.com\/wp-content\/uploads\/2024\/04\/TBplace_orizzontale_RGB.png?fit=299%2C100&ssl=1","contentUrl":"https:\/\/i0.wp.com\/tb-place.com\/wp-content\/uploads\/2024\/04\/TBplace_orizzontale_RGB.png?fit=299%2C100&ssl=1","width":299,"height":100,"caption":"TB Place a Roma"},"image":{"@id":"https:\/\/tb-place.com\/fr\/#\/schema\/logo\/image\/"}}]}},"jetpack_sharing_enabled":true,"_links":{"self":[{"href":"https:\/\/tb-place.com\/fr\/wp-json\/wp\/v2\/pages\/5072","targetHints":{"allow":["GET"]}}],"collection":[{"href":"https:\/\/tb-place.com\/fr\/wp-json\/wp\/v2\/pages"}],"about":[{"href":"https:\/\/tb-place.com\/fr\/wp-json\/wp\/v2\/types\/page"}],"author":[{"embeddable":true,"href":"https:\/\/tb-place.com\/fr\/wp-json\/wp\/v2\/users\/1"}],"replies":[{"embeddable":true,"href":"https:\/\/tb-place.com\/fr\/wp-json\/wp\/v2\/comments?post=5072"}],"version-history":[{"count":18,"href":"https:\/\/tb-place.com\/fr\/wp-json\/wp\/v2\/pages\/5072\/revisions"}],"predecessor-version":[{"id":6097,"href":"https:\/\/tb-place.com\/fr\/wp-json\/wp\/v2\/pages\/5072\/revisions\/6097"}],"wp:attachment":[{"href":"https:\/\/tb-place.com\/fr\/wp-json\/wp\/v2\/media?parent=5072"}],"curies":[{"name":"wp","href":"https:\/\/api.w.org\/{rel}","templated":true}]}}